{"id":2659,"date":"2015-08-05T09:22:51","date_gmt":"2015-08-05T07:22:51","guid":{"rendered":"https:\/\/borne-logistik.de\/downloads-2\/"},"modified":"2023-01-12T10:11:35","modified_gmt":"2023-01-12T09:11:35","slug":"downloads","status":"publish","type":"page","link":"https:\/\/borne-logistik.de\/en\/downloads\/","title":{"rendered":"Downloads"},"content":{"rendered":"\n<h1 class=\"wp-block-heading\">Downloads<\/h1>\n\n\n\n<h2 class=\"wp-block-heading\">Formulare zum Download<\/h2>\n\n\n\n<div class=\"wp-block-columns is-layout-flex wp-container-core-columns-is-layout-9d6595d7 wp-block-columns-is-layout-flex\">\n<div class=\"wp-block-column is-layout-flow wp-block-column-is-layout-flow\"><div class=\"wp-block-image\">\n<figure class=\"aligncenter\"><a href=\"#\"><img loading=\"lazy\" decoding=\"async\" width=\"186\" height=\"270\" src=\"http:\/\/borne-logistik.de\/wp-content\/uploads\/frachtbrief-186x270.jpg\" alt=\"frachtbrief\" class=\"wp-image-3424\" srcset=\"https:\/\/borne-logistik.de\/wp-content\/uploads\/frachtbrief-186x270.jpg 186w, https:\/\/borne-logistik.de\/wp-content\/uploads\/frachtbrief-255x370.jpg 255w, https:\/\/borne-logistik.de\/wp-content\/uploads\/frachtbrief.jpg 439w\" sizes=\"auto, (max-width: 186px) 100vw, 186px\" \/><\/a><\/figure>\n<\/div>\n\n\n<div class=\"wp-block-buttons is-layout-flex wp-block-buttons-is-layout-flex\">\n<div class=\"wp-block-button aligncenter\"><a class=\"wp-block-button__link wp-element-button\" href=\"http:\/\/borne-logistik.de\/wp-content\/uploads\/Frachtbrief-Borne-3.pdf\">Download<\/a><\/div>\n<\/div>\n\n\n\n<p class=\"has-text-align-center\">Borne Frachtbrief<\/p>\n<\/div>\n\n\n\n<div class=\"wp-block-column is-layout-flow wp-block-column-is-layout-flow\"><div class=\"wp-block-image\">\n<figure class=\"aligncenter size-full\"><img loading=\"lazy\" decoding=\"async\" width=\"191\" height=\"270\" src=\"http:\/\/borne-logistik.de\/wp-content\/uploads\/CMR_Frachtbrief-191x270-1.jpg\" alt=\"\" class=\"wp-image-4830\"\/><\/figure>\n<\/div>\n\n\n<div class=\"wp-block-buttons is-layout-flex wp-block-buttons-is-layout-flex\">\n<div class=\"wp-block-button aligncenter\"><a class=\"wp-block-button__link wp-element-button\" href=\"http:\/\/borne-logistik.de\/wp-content\/uploads\/CMR_Frachtbrief1.pdf\">Download<\/a><\/div>\n<\/div>\n\n\n\n<p class=\"has-text-align-center\">&nbsp;CMR Frachtbrief<\/p>\n<\/div>\n\n\n\n<div class=\"wp-block-column is-layout-flow wp-block-column-is-layout-flow\">\n<figure class=\"wp-block-image size-full\"><img loading=\"lazy\" decoding=\"async\" width=\"191\" height=\"270\" src=\"http:\/\/borne-logistik.de\/wp-content\/uploads\/Palettenschein-191x270-1.jpg\" alt=\"\" class=\"wp-image-4919\"\/><\/figure>\n\n\n\n<div class=\"wp-block-buttons is-content-justification-center is-layout-flex wp-container-core-buttons-is-layout-16018d1d wp-block-buttons-is-layout-flex\">\n<div class=\"wp-block-button\"><a class=\"wp-block-button__link wp-element-button\" href=\"http:\/\/borne-logistik.de\/wp-content\/uploads\/Palettenschein.pdf\">Download<\/a><\/div>\n<\/div>\n\n\n\n<p class=\"has-text-align-center\">Palettenschein<\/p>\n<\/div>\n<\/div>\n\n\n\n<div class=\"wp-block-columns is-layout-flex wp-container-core-columns-is-layout-9d6595d7 wp-block-columns-is-layout-flex\">\n<div class=\"wp-block-column is-layout-flow wp-block-column-is-layout-flow\"><div class=\"wp-block-image\">\n<figure class=\"aligncenter size-large is-resized\"><img decoding=\"async\" src=\"http:\/\/borne-logistik.de\/wp-content\/uploads\/Abstellgenehmigung-544x770.jpg\" alt=\"\" class=\"wp-image-3377\" width=\"191\" srcset=\"https:\/\/borne-logistik.de\/wp-content\/uploads\/Abstellgenehmigung-544x770.jpg 544w, https:\/\/borne-logistik.de\/wp-content\/uploads\/Abstellgenehmigung-191x270.jpg 191w, https:\/\/borne-logistik.de\/wp-content\/uploads\/Abstellgenehmigung-262x370.jpg 262w, https:\/\/borne-logistik.de\/wp-content\/uploads\/Abstellgenehmigung.jpg 596w\" sizes=\"(max-width: 544px) 100vw, 544px\" \/><\/figure>\n<\/div>\n\n\n<div class=\"wp-block-buttons is-layout-flex wp-block-buttons-is-layout-flex\">\n<div class=\"wp-block-button aligncenter\"><a class=\"wp-block-button__link wp-element-button\" href=\"http:\/\/borne-logistik.de\/wp-content\/uploads\/Abstellgenehmigung.pdf\">Download<\/a><\/div>\n<\/div>\n\n\n\n<p class=\"has-text-align-center\">Abstellgenehmigung<\/p>\n<\/div>\n\n\n\n<div class=\"wp-block-column is-layout-flow wp-block-column-is-layout-flow\"><\/div>\n\n\n\n<div class=\"wp-block-column is-layout-flow wp-block-column-is-layout-flow\"><\/div>\n<\/div>\n\n\n\n<p>Um die zum Download angebotenen PDF-Dateien zu \u00f6ffnen, ben\u00f6tigen Sie das Zusatzprogramm Adobe Acrobat Reader, welches Sie im Internet kostenfrei herunterladen k\u00f6nnen.<br>Die aktuelle Version des Acrobat Reader finden Sie <a href=\"http:\/\/get.adobe.com\/de\/reader\" target=\"_blank\" rel=\"noreferrer noopener\">hier<\/a>.<\/p>\n","protected":false},"excerpt":{"rendered":"<p>Downloads Formulare zum Download Borne Frachtbrief &nbsp;CMR Frachtbrief Palettenschein Abstellgenehmigung Um die zum Download angebotenen PDF-Dateien zu \u00f6ffnen, ben\u00f6tigen Sie das Zusatzprogramm Adobe Acrobat Reader, welches Sie im Internet kostenfrei herunterladen k\u00f6nnen.Die aktuelle Version des Acrobat Reader finden Sie hier.<\/p>\n","protected":false},"author":6,"featured_media":0,"parent":0,"menu_order":64,"comment_status":"closed","ping_status":"closed","template":"","meta":{"_acf_changed":false,"footnotes":""},"class_list":["post-2659","page","type-page","status-publish","hentry"],"acf":[],"yoast_head":"<!-- This site is optimized with the Yoast SEO plugin v27.3 - https:\/\/yoast.com\/product\/yoast-seo-wordpress\/ -->\n<title>Downloads - Borne Logistik<\/title>\n<meta name=\"description\" content=\"Hier k\u00f6nnen Sie sich Vordrucke f\u00fcr den Versand mit Borne Logistik kostenlos herunterladen\" \/>\n<meta name=\"robots\" content=\"index, follow, max-snippet:-1, max-image-preview:large, max-video-preview:-1\" \/>\n<link rel=\"canonical\" href=\"https:\/\/borne-logistik.de\/en\/downloads\/\" \/>\n<meta property=\"og:locale\" content=\"en_US\" \/>\n<meta property=\"og:type\" content=\"article\" \/>\n<meta property=\"og:title\" content=\"Downloads - Borne Logistik\" \/>\n<meta property=\"og:description\" content=\"Hier k\u00f6nnen Sie sich Vordrucke f\u00fcr den Versand mit Borne Logistik kostenlos herunterladen\" \/>\n<meta property=\"og:url\" content=\"https:\/\/borne-logistik.de\/en\/downloads\/\" \/>\n<meta property=\"og:site_name\" content=\"Borne Logistik\" \/>\n<meta property=\"article:modified_time\" content=\"2023-01-12T09:11:35+00:00\" \/>\n<meta property=\"og:image\" content=\"http:\/\/borne-logistik.de\/wp-content\/uploads\/frachtbrief-186x270.jpg\" \/>\n<meta name=\"twitter:label1\" content=\"Est. reading time\" \/>\n\t<meta name=\"twitter:data1\" content=\"3 minutes\" \/>\n<script type=\"application\/ld+json\" class=\"yoast-schema-graph\">{\"@context\":\"https:\\\/\\\/schema.org\",\"@graph\":[{\"@type\":\"WebPage\",\"@id\":\"https:\\\/\\\/borne-logistik.de\\\/en\\\/downloads\\\/\",\"url\":\"https:\\\/\\\/borne-logistik.de\\\/en\\\/downloads\\\/\",\"name\":\"Downloads - Borne Logistik\",\"isPartOf\":{\"@id\":\"https:\\\/\\\/borne-logistik.de\\\/#website\"},\"primaryImageOfPage\":{\"@id\":\"https:\\\/\\\/borne-logistik.de\\\/en\\\/downloads\\\/#primaryimage\"},\"image\":{\"@id\":\"https:\\\/\\\/borne-logistik.de\\\/en\\\/downloads\\\/#primaryimage\"},\"thumbnailUrl\":\"http:\\\/\\\/borne-logistik.de\\\/wp-content\\\/uploads\\\/frachtbrief-186x270.jpg\",\"datePublished\":\"2015-08-05T07:22:51+00:00\",\"dateModified\":\"2023-01-12T09:11:35+00:00\",\"description\":\"Hier k\u00f6nnen Sie sich Vordrucke f\u00fcr den Versand mit Borne Logistik kostenlos herunterladen\",\"breadcrumb\":{\"@id\":\"https:\\\/\\\/borne-logistik.de\\\/en\\\/downloads\\\/#breadcrumb\"},\"inLanguage\":\"en-US\",\"potentialAction\":[{\"@type\":\"ReadAction\",\"target\":[\"https:\\\/\\\/borne-logistik.de\\\/en\\\/downloads\\\/\"]}]},{\"@type\":\"ImageObject\",\"inLanguage\":\"en-US\",\"@id\":\"https:\\\/\\\/borne-logistik.de\\\/en\\\/downloads\\\/#primaryimage\",\"url\":\"http:\\\/\\\/borne-logistik.de\\\/wp-content\\\/uploads\\\/frachtbrief-186x270.jpg\",\"contentUrl\":\"http:\\\/\\\/borne-logistik.de\\\/wp-content\\\/uploads\\\/frachtbrief-186x270.jpg\"},{\"@type\":\"BreadcrumbList\",\"@id\":\"https:\\\/\\\/borne-logistik.de\\\/en\\\/downloads\\\/#breadcrumb\",\"itemListElement\":[{\"@type\":\"ListItem\",\"position\":1,\"name\":\"Start\",\"item\":\"https:\\\/\\\/borne-logistik.de\\\/en\\\/kontakt\\\/\"},{\"@type\":\"ListItem\",\"position\":2,\"name\":\"Downloads\"}]},{\"@type\":\"WebSite\",\"@id\":\"https:\\\/\\\/borne-logistik.de\\\/#website\",\"url\":\"https:\\\/\\\/borne-logistik.de\\\/\",\"name\":\"Borne Logistik\",\"description\":\"\",\"publisher\":{\"@id\":\"https:\\\/\\\/borne-logistik.de\\\/#organization\"},\"potentialAction\":[{\"@type\":\"SearchAction\",\"target\":{\"@type\":\"EntryPoint\",\"urlTemplate\":\"https:\\\/\\\/borne-logistik.de\\\/?s={search_term_string}\"},\"query-input\":{\"@type\":\"PropertyValueSpecification\",\"valueRequired\":true,\"valueName\":\"search_term_string\"}}],\"inLanguage\":\"en-US\"},{\"@type\":\"Organization\",\"@id\":\"https:\\\/\\\/borne-logistik.de\\\/#organization\",\"name\":\"Borne Logistik\",\"url\":\"https:\\\/\\\/borne-logistik.de\\\/\",\"logo\":{\"@type\":\"ImageObject\",\"inLanguage\":\"en-US\",\"@id\":\"https:\\\/\\\/borne-logistik.de\\\/#\\\/schema\\\/logo\\\/image\\\/\",\"url\":\"https:\\\/\\\/borne-logistik.de\\\/wp-content\\\/uploads\\\/Logo_Borne_Logistik_rgb.svg\",\"contentUrl\":\"https:\\\/\\\/borne-logistik.de\\\/wp-content\\\/uploads\\\/Logo_Borne_Logistik_rgb.svg\",\"caption\":\"Borne Logistik\"},\"image\":{\"@id\":\"https:\\\/\\\/borne-logistik.de\\\/#\\\/schema\\\/logo\\\/image\\\/\"}}]}<\/script>\n<!-- \/ Yoast SEO plugin. -->","yoast_head_json":{"title":"Downloads - Borne Logistik","description":"Hier k\u00f6nnen Sie sich Vordrucke f\u00fcr den Versand mit Borne Logistik kostenlos herunterladen","robots":{"index":"index","follow":"follow","max-snippet":"max-snippet:-1","max-image-preview":"max-image-preview:large","max-video-preview":"max-video-preview:-1"},"canonical":"https:\/\/borne-logistik.de\/en\/downloads\/","og_locale":"en_US","og_type":"article","og_title":"Downloads - Borne Logistik","og_description":"Hier k\u00f6nnen Sie sich Vordrucke f\u00fcr den Versand mit Borne Logistik kostenlos herunterladen","og_url":"https:\/\/borne-logistik.de\/en\/downloads\/","og_site_name":"Borne Logistik","article_modified_time":"2023-01-12T09:11:35+00:00","og_image":[{"url":"http:\/\/borne-logistik.de\/wp-content\/uploads\/frachtbrief-186x270.jpg","type":"","width":"","height":""}],"twitter_misc":{"Est. reading time":"3 minutes"},"schema":{"@context":"https:\/\/schema.org","@graph":[{"@type":"WebPage","@id":"https:\/\/borne-logistik.de\/en\/downloads\/","url":"https:\/\/borne-logistik.de\/en\/downloads\/","name":"Downloads - Borne Logistik","isPartOf":{"@id":"https:\/\/borne-logistik.de\/#website"},"primaryImageOfPage":{"@id":"https:\/\/borne-logistik.de\/en\/downloads\/#primaryimage"},"image":{"@id":"https:\/\/borne-logistik.de\/en\/downloads\/#primaryimage"},"thumbnailUrl":"http:\/\/borne-logistik.de\/wp-content\/uploads\/frachtbrief-186x270.jpg","datePublished":"2015-08-05T07:22:51+00:00","dateModified":"2023-01-12T09:11:35+00:00","description":"Hier k\u00f6nnen Sie sich Vordrucke f\u00fcr den Versand mit Borne Logistik kostenlos herunterladen","breadcrumb":{"@id":"https:\/\/borne-logistik.de\/en\/downloads\/#breadcrumb"},"inLanguage":"en-US","potentialAction":[{"@type":"ReadAction","target":["https:\/\/borne-logistik.de\/en\/downloads\/"]}]},{"@type":"ImageObject","inLanguage":"en-US","@id":"https:\/\/borne-logistik.de\/en\/downloads\/#primaryimage","url":"http:\/\/borne-logistik.de\/wp-content\/uploads\/frachtbrief-186x270.jpg","contentUrl":"http:\/\/borne-logistik.de\/wp-content\/uploads\/frachtbrief-186x270.jpg"},{"@type":"BreadcrumbList","@id":"https:\/\/borne-logistik.de\/en\/downloads\/#breadcrumb","itemListElement":[{"@type":"ListItem","position":1,"name":"Start","item":"https:\/\/borne-logistik.de\/en\/kontakt\/"},{"@type":"ListItem","position":2,"name":"Downloads"}]},{"@type":"WebSite","@id":"https:\/\/borne-logistik.de\/#website","url":"https:\/\/borne-logistik.de\/","name":"Borne Logistik","description":"","publisher":{"@id":"https:\/\/borne-logistik.de\/#organization"},"potentialAction":[{"@type":"SearchAction","target":{"@type":"EntryPoint","urlTemplate":"https:\/\/borne-logistik.de\/?s={search_term_string}"},"query-input":{"@type":"PropertyValueSpecification","valueRequired":true,"valueName":"search_term_string"}}],"inLanguage":"en-US"},{"@type":"Organization","@id":"https:\/\/borne-logistik.de\/#organization","name":"Borne Logistik","url":"https:\/\/borne-logistik.de\/","logo":{"@type":"ImageObject","inLanguage":"en-US","@id":"https:\/\/borne-logistik.de\/#\/schema\/logo\/image\/","url":"https:\/\/borne-logistik.de\/wp-content\/uploads\/Logo_Borne_Logistik_rgb.svg","contentUrl":"https:\/\/borne-logistik.de\/wp-content\/uploads\/Logo_Borne_Logistik_rgb.svg","caption":"Borne Logistik"},"image":{"@id":"https:\/\/borne-logistik.de\/#\/schema\/logo\/image\/"}}]}},"_links":{"self":[{"href":"https:\/\/borne-logistik.de\/en\/wp-json\/wp\/v2\/pages\/2659","targetHints":{"allow":["GET"]}}],"collection":[{"href":"https:\/\/borne-logistik.de\/en\/wp-json\/wp\/v2\/pages"}],"about":[{"href":"https:\/\/borne-logistik.de\/en\/wp-json\/wp\/v2\/types\/page"}],"author":[{"embeddable":true,"href":"https:\/\/borne-logistik.de\/en\/wp-json\/wp\/v2\/users\/6"}],"replies":[{"embeddable":true,"href":"https:\/\/borne-logistik.de\/en\/wp-json\/wp\/v2\/comments?post=2659"}],"version-history":[{"count":16,"href":"https:\/\/borne-logistik.de\/en\/wp-json\/wp\/v2\/pages\/2659\/revisions"}],"predecessor-version":[{"id":5027,"href":"https:\/\/borne-logistik.de\/en\/wp-json\/wp\/v2\/pages\/2659\/revisions\/5027"}],"wp:attachment":[{"href":"https:\/\/borne-logistik.de\/en\/wp-json\/wp\/v2\/media?parent=2659"}],"curies":[{"name":"wp","href":"https:\/\/api.w.org\/{rel}","templated":true}]}}