{"id":2665,"date":"2015-08-04T07:23:58","date_gmt":"2015-08-04T05:23:58","guid":{"rendered":"https:\/\/borne-logistik.de\/leistungen-im-ueberblick-2\/"},"modified":"2023-01-11T10:26:23","modified_gmt":"2023-01-11T09:26:23","slug":"leistungen-im-ueberblick","status":"publish","type":"page","link":"https:\/\/borne-logistik.de\/en\/leistungen-im-ueberblick\/","title":{"rendered":"Leistungen im \u00dcberblick"},"content":{"rendered":"\n<h1 class=\"wp-block-heading\">Our Services<\/h1>\n\n\n\n<h2 class=\"wp-block-heading\">As individual as your requirements<\/h2>\n\n\n\n<div class=\"wp-block-columns is-layout-flex wp-container-core-columns-is-layout-9d6595d7 wp-block-columns-is-layout-flex\">\n<div class=\"wp-block-column is-layout-flow wp-block-column-is-layout-flow\"><div class=\"wp-block-image\">\n<figure class=\"alignleft size-large\"><img loading=\"lazy\" decoding=\"async\" width=\"770\" height=\"260\" src=\"http:\/\/borne-logistik.de\/wp-content\/uploads\/IMG_0429_1-e1438667409237-770x260.jpg\" alt=\"\" class=\"wp-image-3785\" srcset=\"https:\/\/borne-logistik.de\/wp-content\/uploads\/IMG_0429_1-e1438667409237-770x260.jpg 770w, https:\/\/borne-logistik.de\/wp-content\/uploads\/IMG_0429_1-e1438667409237-270x91.jpg 270w, https:\/\/borne-logistik.de\/wp-content\/uploads\/IMG_0429_1-e1438667409237-370x125.jpg 370w, https:\/\/borne-logistik.de\/wp-content\/uploads\/IMG_0429_1-e1438667409237.jpg 960w\" sizes=\"auto, (max-width: 770px) 100vw, 770px\" \/><\/figure>\n<\/div>\n\n\n<div style=\"height:15px\" aria-hidden=\"true\" class=\"wp-block-spacer\"><\/div>\n\n\n\n<h4 class=\"has-text-align-center wp-block-heading\">GENERAL CARGO GERMANY AND EUROPE<\/h4>\n\n\n\n<div class=\"wp-block-buttons is-content-justification-center is-layout-flex wp-container-core-buttons-is-layout-16018d1d wp-block-buttons-is-layout-flex\">\n<div class=\"wp-block-button\" style=\"text-transform:uppercase\"><a class=\"wp-block-button__link wp-element-button\" href=\"http:\/\/borne-logistik.de\/en\/unsere-leistungen\/stueckgut-deutschland-europa\/\">Learn more&#8230;<\/a><\/div>\n<\/div>\n<\/div>\n\n\n\n<div class=\"wp-block-column is-layout-flow wp-block-column-is-layout-flow\"><div class=\"wp-block-image\">\n<figure class=\"alignleft size-large\"><img loading=\"lazy\" decoding=\"async\" width=\"770\" height=\"260\" src=\"http:\/\/borne-logistik.de\/wp-content\/uploads\/DSC02345_1-e1438668022343-770x260.jpg\" alt=\"\" class=\"wp-image-3789\" srcset=\"https:\/\/borne-logistik.de\/wp-content\/uploads\/DSC02345_1-e1438668022343-770x260.jpg 770w, https:\/\/borne-logistik.de\/wp-content\/uploads\/DSC02345_1-e1438668022343-270x91.jpg 270w, https:\/\/borne-logistik.de\/wp-content\/uploads\/DSC02345_1-e1438668022343-370x125.jpg 370w, https:\/\/borne-logistik.de\/wp-content\/uploads\/DSC02345_1-e1438668022343.jpg 960w\" sizes=\"auto, (max-width: 770px) 100vw, 770px\" \/><\/figure>\n<\/div>\n\n\n<div style=\"height:15px\" aria-hidden=\"true\" class=\"wp-block-spacer\"><\/div>\n\n\n\n<h4 class=\"has-text-align-center wp-block-heading\">PARTIAL AND FULL CARGO<\/h4>\n\n\n\n<div class=\"wp-block-buttons is-content-justification-center is-layout-flex wp-container-core-buttons-is-layout-16018d1d wp-block-buttons-is-layout-flex\">\n<div class=\"wp-block-button\" style=\"text-transform:uppercase\"><a class=\"wp-block-button__link wp-element-button\" href=\"http:\/\/borne-logistik.de\/en\/unsere-leistungen\/teil-und-komplettladungen\/\">Learn more\u2026<\/a><\/div>\n<\/div>\n<\/div>\n<\/div>\n\n\n\n<div class=\"wp-block-columns is-layout-flex wp-container-core-columns-is-layout-9d6595d7 wp-block-columns-is-layout-flex\">\n<div class=\"wp-block-column is-layout-flow wp-block-column-is-layout-flow\">\n<div style=\"height:15px\" aria-hidden=\"true\" class=\"wp-block-spacer\"><\/div>\n\n\n\n<h4 class=\"has-text-align-center wp-block-heading\">GENERAL CARGO FRANCE<\/h4>\n\n\n\n<div class=\"wp-block-buttons is-content-justification-center is-layout-flex wp-container-core-buttons-is-layout-16018d1d wp-block-buttons-is-layout-flex\">\n<div class=\"wp-block-button\" style=\"text-transform:uppercase\"><a class=\"wp-block-button__link wp-element-button\" href=\"http:\/\/borne-logistik.de\/en\/unsere-leistungen\/stueckgut-frankreich\/\">Learn more\u2026<\/a><\/div>\n<\/div>\n<\/div>\n\n\n\n<div class=\"wp-block-column is-layout-flow wp-block-column-is-layout-flow\"><div class=\"wp-block-image\">\n<figure class=\"alignleft size-large\"><img loading=\"lazy\" decoding=\"async\" width=\"770\" height=\"260\" src=\"http:\/\/borne-logistik.de\/wp-content\/uploads\/20141107_102553_1-e1438667635492-770x260.jpg\" alt=\"\" class=\"wp-image-3787\" srcset=\"https:\/\/borne-logistik.de\/wp-content\/uploads\/20141107_102553_1-e1438667635492-770x260.jpg 770w, https:\/\/borne-logistik.de\/wp-content\/uploads\/20141107_102553_1-e1438667635492-270x91.jpg 270w, https:\/\/borne-logistik.de\/wp-content\/uploads\/20141107_102553_1-e1438667635492-370x125.jpg 370w, https:\/\/borne-logistik.de\/wp-content\/uploads\/20141107_102553_1-e1438667635492.jpg 960w\" sizes=\"auto, (max-width: 770px) 100vw, 770px\" \/><\/figure>\n<\/div>\n\n\n<h4 class=\"has-text-align-center wp-block-heading\">GENERAL CARGO FRANCE<\/h4>\n\n\n\n<div class=\"wp-block-buttons is-content-justification-center is-layout-flex wp-container-core-buttons-is-layout-16018d1d wp-block-buttons-is-layout-flex\">\n<div class=\"wp-block-button\" style=\"text-transform:uppercase\"><a class=\"wp-block-button__link wp-element-button\" href=\"http:\/\/borne-logistik.de\/en\/unsere-leistungen\/stueckgut-xxl\/\">Learn more\u2026<\/a><\/div>\n<\/div>\n<\/div>\n<\/div>\n","protected":false},"excerpt":{"rendered":"<p>Our Services As individual as your requirements GENERAL CARGO GERMANY AND EUROPE PARTIAL AND FULL CARGO GENERAL CARGO FRANCE GENERAL CARGO FRANCE<\/p>\n","protected":false},"author":6,"featured_media":0,"parent":0,"menu_order":39,"comment_status":"closed","ping_status":"closed","template":"","meta":{"_acf_changed":false,"footnotes":""},"class_list":["post-2665","page","type-page","status-publish","hentry"],"acf":[],"yoast_head":"<!-- This site is optimized with the Yoast SEO plugin v27.4 - https:\/\/yoast.com\/product\/yoast-seo-wordpress\/ -->\n<title>Leistungen im \u00dcberblick | Borne Logistik und Spedition<\/title>\n<meta name=\"description\" content=\"Unsere Leistungen So individuell wie Ihre Anforderungen St\u00fcckgut Deutschland und EuropaTeil- und KomplettladungenSt\u00fcckgut FrankreichSt\u00fcckgut XXL\" \/>\n<meta name=\"robots\" content=\"index, follow, max-snippet:-1, max-image-preview:large, max-video-preview:-1\" \/>\n<link rel=\"canonical\" href=\"https:\/\/borne-logistik.de\/en\/leistungen-im-ueberblick\/\" \/>\n<meta property=\"og:locale\" content=\"en_US\" \/>\n<meta property=\"og:type\" content=\"article\" \/>\n<meta property=\"og:title\" content=\"Leistungen im \u00dcberblick | Borne Logistik und Spedition\" \/>\n<meta property=\"og:description\" content=\"Unsere Leistungen So individuell wie Ihre Anforderungen St\u00fcckgut Deutschland und EuropaTeil- und KomplettladungenSt\u00fcckgut FrankreichSt\u00fcckgut XXL\" \/>\n<meta property=\"og:url\" content=\"https:\/\/borne-logistik.de\/en\/leistungen-im-ueberblick\/\" \/>\n<meta property=\"og:site_name\" content=\"Borne Logistik\" \/>\n<meta property=\"article:modified_time\" content=\"2023-01-11T09:26:23+00:00\" \/>\n<meta property=\"og:image\" content=\"http:\/\/borne-logistik.de\/wp-content\/uploads\/IMG_0429_1-e1438667409237-770x260.jpg\" \/>\n<meta name=\"twitter:label1\" content=\"Est. reading time\" \/>\n\t<meta name=\"twitter:data1\" content=\"1 minute\" \/>\n<script type=\"application\/ld+json\" class=\"yoast-schema-graph\">{\"@context\":\"https:\\\/\\\/schema.org\",\"@graph\":[{\"@type\":\"WebPage\",\"@id\":\"https:\\\/\\\/borne-logistik.de\\\/en\\\/leistungen-im-ueberblick\\\/\",\"url\":\"https:\\\/\\\/borne-logistik.de\\\/en\\\/leistungen-im-ueberblick\\\/\",\"name\":\"Leistungen im \u00dcberblick | Borne Logistik und Spedition\",\"isPartOf\":{\"@id\":\"https:\\\/\\\/borne-logistik.de\\\/#website\"},\"primaryImageOfPage\":{\"@id\":\"https:\\\/\\\/borne-logistik.de\\\/en\\\/leistungen-im-ueberblick\\\/#primaryimage\"},\"image\":{\"@id\":\"https:\\\/\\\/borne-logistik.de\\\/en\\\/leistungen-im-ueberblick\\\/#primaryimage\"},\"thumbnailUrl\":\"http:\\\/\\\/borne-logistik.de\\\/wp-content\\\/uploads\\\/IMG_0429_1-e1438667409237-770x260.jpg\",\"datePublished\":\"2015-08-04T05:23:58+00:00\",\"dateModified\":\"2023-01-11T09:26:23+00:00\",\"description\":\"Unsere Leistungen So individuell wie Ihre Anforderungen St\u00fcckgut Deutschland und EuropaTeil- und KomplettladungenSt\u00fcckgut FrankreichSt\u00fcckgut XXL\",\"breadcrumb\":{\"@id\":\"https:\\\/\\\/borne-logistik.de\\\/en\\\/leistungen-im-ueberblick\\\/#breadcrumb\"},\"inLanguage\":\"en-US\",\"potentialAction\":[{\"@type\":\"ReadAction\",\"target\":[\"https:\\\/\\\/borne-logistik.de\\\/en\\\/leistungen-im-ueberblick\\\/\"]}]},{\"@type\":\"ImageObject\",\"inLanguage\":\"en-US\",\"@id\":\"https:\\\/\\\/borne-logistik.de\\\/en\\\/leistungen-im-ueberblick\\\/#primaryimage\",\"url\":\"http:\\\/\\\/borne-logistik.de\\\/wp-content\\\/uploads\\\/IMG_0429_1-e1438667409237-770x260.jpg\",\"contentUrl\":\"http:\\\/\\\/borne-logistik.de\\\/wp-content\\\/uploads\\\/IMG_0429_1-e1438667409237-770x260.jpg\"},{\"@type\":\"BreadcrumbList\",\"@id\":\"https:\\\/\\\/borne-logistik.de\\\/en\\\/leistungen-im-ueberblick\\\/#breadcrumb\",\"itemListElement\":[{\"@type\":\"ListItem\",\"position\":1,\"name\":\"Start\",\"item\":\"https:\\\/\\\/borne-logistik.de\\\/en\\\/kontakt\\\/\"},{\"@type\":\"ListItem\",\"position\":2,\"name\":\"Leistungen im \u00dcberblick\"}]},{\"@type\":\"WebSite\",\"@id\":\"https:\\\/\\\/borne-logistik.de\\\/#website\",\"url\":\"https:\\\/\\\/borne-logistik.de\\\/\",\"name\":\"Borne Logistik\",\"description\":\"\",\"publisher\":{\"@id\":\"https:\\\/\\\/borne-logistik.de\\\/#organization\"},\"potentialAction\":[{\"@type\":\"SearchAction\",\"target\":{\"@type\":\"EntryPoint\",\"urlTemplate\":\"https:\\\/\\\/borne-logistik.de\\\/?s={search_term_string}\"},\"query-input\":{\"@type\":\"PropertyValueSpecification\",\"valueRequired\":true,\"valueName\":\"search_term_string\"}}],\"inLanguage\":\"en-US\"},{\"@type\":\"Organization\",\"@id\":\"https:\\\/\\\/borne-logistik.de\\\/#organization\",\"name\":\"Borne Logistik\",\"url\":\"https:\\\/\\\/borne-logistik.de\\\/\",\"logo\":{\"@type\":\"ImageObject\",\"inLanguage\":\"en-US\",\"@id\":\"https:\\\/\\\/borne-logistik.de\\\/#\\\/schema\\\/logo\\\/image\\\/\",\"url\":\"https:\\\/\\\/borne-logistik.de\\\/wp-content\\\/uploads\\\/Logo_Borne_Logistik_rgb.svg\",\"contentUrl\":\"https:\\\/\\\/borne-logistik.de\\\/wp-content\\\/uploads\\\/Logo_Borne_Logistik_rgb.svg\",\"caption\":\"Borne Logistik\"},\"image\":{\"@id\":\"https:\\\/\\\/borne-logistik.de\\\/#\\\/schema\\\/logo\\\/image\\\/\"}}]}<\/script>\n<!-- \/ Yoast SEO plugin. -->","yoast_head_json":{"title":"Leistungen im \u00dcberblick | Borne Logistik und Spedition","description":"Unsere Leistungen So individuell wie Ihre Anforderungen St\u00fcckgut Deutschland und EuropaTeil- und KomplettladungenSt\u00fcckgut FrankreichSt\u00fcckgut XXL","robots":{"index":"index","follow":"follow","max-snippet":"max-snippet:-1","max-image-preview":"max-image-preview:large","max-video-preview":"max-video-preview:-1"},"canonical":"https:\/\/borne-logistik.de\/en\/leistungen-im-ueberblick\/","og_locale":"en_US","og_type":"article","og_title":"Leistungen im \u00dcberblick | Borne Logistik und Spedition","og_description":"Unsere Leistungen So individuell wie Ihre Anforderungen St\u00fcckgut Deutschland und EuropaTeil- und KomplettladungenSt\u00fcckgut FrankreichSt\u00fcckgut XXL","og_url":"https:\/\/borne-logistik.de\/en\/leistungen-im-ueberblick\/","og_site_name":"Borne Logistik","article_modified_time":"2023-01-11T09:26:23+00:00","og_image":[{"url":"http:\/\/borne-logistik.de\/wp-content\/uploads\/IMG_0429_1-e1438667409237-770x260.jpg","type":"","width":"","height":""}],"twitter_misc":{"Est. reading time":"1 minute"},"schema":{"@context":"https:\/\/schema.org","@graph":[{"@type":"WebPage","@id":"https:\/\/borne-logistik.de\/en\/leistungen-im-ueberblick\/","url":"https:\/\/borne-logistik.de\/en\/leistungen-im-ueberblick\/","name":"Leistungen im \u00dcberblick | Borne Logistik und Spedition","isPartOf":{"@id":"https:\/\/borne-logistik.de\/#website"},"primaryImageOfPage":{"@id":"https:\/\/borne-logistik.de\/en\/leistungen-im-ueberblick\/#primaryimage"},"image":{"@id":"https:\/\/borne-logistik.de\/en\/leistungen-im-ueberblick\/#primaryimage"},"thumbnailUrl":"http:\/\/borne-logistik.de\/wp-content\/uploads\/IMG_0429_1-e1438667409237-770x260.jpg","datePublished":"2015-08-04T05:23:58+00:00","dateModified":"2023-01-11T09:26:23+00:00","description":"Unsere Leistungen So individuell wie Ihre Anforderungen St\u00fcckgut Deutschland und EuropaTeil- und KomplettladungenSt\u00fcckgut FrankreichSt\u00fcckgut XXL","breadcrumb":{"@id":"https:\/\/borne-logistik.de\/en\/leistungen-im-ueberblick\/#breadcrumb"},"inLanguage":"en-US","potentialAction":[{"@type":"ReadAction","target":["https:\/\/borne-logistik.de\/en\/leistungen-im-ueberblick\/"]}]},{"@type":"ImageObject","inLanguage":"en-US","@id":"https:\/\/borne-logistik.de\/en\/leistungen-im-ueberblick\/#primaryimage","url":"http:\/\/borne-logistik.de\/wp-content\/uploads\/IMG_0429_1-e1438667409237-770x260.jpg","contentUrl":"http:\/\/borne-logistik.de\/wp-content\/uploads\/IMG_0429_1-e1438667409237-770x260.jpg"},{"@type":"BreadcrumbList","@id":"https:\/\/borne-logistik.de\/en\/leistungen-im-ueberblick\/#breadcrumb","itemListElement":[{"@type":"ListItem","position":1,"name":"Start","item":"https:\/\/borne-logistik.de\/en\/kontakt\/"},{"@type":"ListItem","position":2,"name":"Leistungen im \u00dcberblick"}]},{"@type":"WebSite","@id":"https:\/\/borne-logistik.de\/#website","url":"https:\/\/borne-logistik.de\/","name":"Borne Logistik","description":"","publisher":{"@id":"https:\/\/borne-logistik.de\/#organization"},"potentialAction":[{"@type":"SearchAction","target":{"@type":"EntryPoint","urlTemplate":"https:\/\/borne-logistik.de\/?s={search_term_string}"},"query-input":{"@type":"PropertyValueSpecification","valueRequired":true,"valueName":"search_term_string"}}],"inLanguage":"en-US"},{"@type":"Organization","@id":"https:\/\/borne-logistik.de\/#organization","name":"Borne Logistik","url":"https:\/\/borne-logistik.de\/","logo":{"@type":"ImageObject","inLanguage":"en-US","@id":"https:\/\/borne-logistik.de\/#\/schema\/logo\/image\/","url":"https:\/\/borne-logistik.de\/wp-content\/uploads\/Logo_Borne_Logistik_rgb.svg","contentUrl":"https:\/\/borne-logistik.de\/wp-content\/uploads\/Logo_Borne_Logistik_rgb.svg","caption":"Borne Logistik"},"image":{"@id":"https:\/\/borne-logistik.de\/#\/schema\/logo\/image\/"}}]}},"_links":{"self":[{"href":"https:\/\/borne-logistik.de\/en\/wp-json\/wp\/v2\/pages\/2665","targetHints":{"allow":["GET"]}}],"collection":[{"href":"https:\/\/borne-logistik.de\/en\/wp-json\/wp\/v2\/pages"}],"about":[{"href":"https:\/\/borne-logistik.de\/en\/wp-json\/wp\/v2\/types\/page"}],"author":[{"embeddable":true,"href":"https:\/\/borne-logistik.de\/en\/wp-json\/wp\/v2\/users\/6"}],"replies":[{"embeddable":true,"href":"https:\/\/borne-logistik.de\/en\/wp-json\/wp\/v2\/comments?post=2665"}],"version-history":[{"count":6,"href":"https:\/\/borne-logistik.de\/en\/wp-json\/wp\/v2\/pages\/2665\/revisions"}],"predecessor-version":[{"id":5010,"href":"https:\/\/borne-logistik.de\/en\/wp-json\/wp\/v2\/pages\/2665\/revisions\/5010"}],"wp:attachment":[{"href":"https:\/\/borne-logistik.de\/en\/wp-json\/wp\/v2\/media?parent=2665"}],"curies":[{"name":"wp","href":"https:\/\/api.w.org\/{rel}","templated":true}]}}