{"id":2671,"date":"2015-07-29T15:49:48","date_gmt":"2015-07-29T13:49:48","guid":{"rendered":"https:\/\/borne-logistik.de\/stueckgut-xxl\/"},"modified":"2023-01-11T09:37:36","modified_gmt":"2023-01-11T08:37:36","slug":"stueckgut-xxl","status":"publish","type":"page","link":"https:\/\/borne-logistik.de\/en\/unsere-leistungen\/stueckgut-xxl\/","title":{"rendered":"St\u00fcckgut XXL"},"content":{"rendered":"\n<h1 class=\"wp-block-heading\">CARGO XXL<\/h1>\n\n\n\n<h2 class=\"wp-block-heading\">Bulky Goods? No problem for us!<\/h2>\n\n\n\n<p>We easily transport palletized bulky goods up to 6 meters long without hassle. Thanks to our lateral loading and unloading system we ensure an extreme low damage rate of<br>(&lt;0,1%) and guarantee smooth transshipment.<\/p>\n\n\n\n<p>A consistent scanning of all our network members ensures a reliable and punctual delivery within Europe.<\/p>\n\n\n\n<figure class=\"wp-block-image size-large\"><img loading=\"lazy\" decoding=\"async\" width=\"770\" height=\"433\" src=\"http:\/\/borne-logistik.de\/wp-content\/uploads\/20141107_102541-770x433.jpg\" alt=\"\" class=\"wp-image-3771\"\/><\/figure>\n\n\n\n<div style=\"height:40px\" aria-hidden=\"true\" class=\"wp-block-spacer\"><\/div>\n\n\n\n<figure class=\"wp-block-table\"><table><thead><tr><th class=\"has-text-align-left\" data-align=\"left\">Services<\/th><th><\/th><\/tr><\/thead><tbody><tr><td class=\"has-text-align-left\" data-align=\"left\">Premium<\/td><td>Delivery in 24 hours<\/td><\/tr><tr><td class=\"has-text-align-left\" data-align=\"left\">Economy<\/td><td>Delivery with standard delivery time 24\/48 hours<\/td><\/tr><tr><td class=\"has-text-align-left\" data-align=\"left\">Exchange Service<\/td><td>Exchange from goods on delivery<\/td><\/tr><tr><td class=\"has-text-align-left\" data-align=\"left\">Avis<\/td><td>Delivery arrangements with the recipient through us<\/td><\/tr><tr><td class=\"has-text-align-left\" data-align=\"left\">Lifting platform \/ forklift<\/td><td>Delivery with lifting platform, forklift<\/td><\/tr><tr><td class=\"has-text-align-left\" data-align=\"left\">Timed<\/td><td>Delivery at an appointed time frame<\/td><\/tr><tr><td class=\"has-text-align-left\" data-align=\"left\">Sourcing<\/td><td>Europe wide take over of your purchase orders from your suppliers and timedefinite deliveries to your warehouses<\/td><\/tr><\/tbody><\/table><\/figure>\n","protected":false},"excerpt":{"rendered":"<p>CARGO XXL Bulky Goods? No problem for us! We easily transport palletized bulky goods up to 6 meters long without hassle. Thanks to our lateral loading and unloading system we ensure an extreme low damage rate of(&lt;0,1%) and guarantee smooth transshipment. A consistent scanning of all our network members ensures a reliable and punctual delivery [&hellip;]<\/p>\n","protected":false},"author":4,"featured_media":0,"parent":2751,"menu_order":71,"comment_status":"closed","ping_status":"closed","template":"","meta":{"_acf_changed":false,"footnotes":""},"class_list":["post-2671","page","type-page","status-publish","hentry"],"acf":[],"yoast_head":"<!-- This site is optimized with the Yoast SEO plugin v27.4 - https:\/\/yoast.com\/product\/yoast-seo-wordpress\/ -->\n<title>St\u00fcckgut XXL - Borne Logistik<\/title>\n<meta name=\"description\" content=\"St\u00fcckgut XXL, auch sperrige palettisierte G\u00fcter bis 6 m L\u00e4nge bef\u00f6rdern wir einfach und unkompliziert. Dank seitlicher Be- und Entladung gew\u00e4hrleisten wir hierbei extrem niedrige Schadensquoten (&lt; 0,1 %) und garantieren einen reibungslosen Umschlag.\" \/>\n<meta name=\"robots\" content=\"index, follow, max-snippet:-1, max-image-preview:large, max-video-preview:-1\" \/>\n<link rel=\"canonical\" href=\"https:\/\/borne-logistik.de\/en\/unsere-leistungen\/stueckgut-xxl\/\" \/>\n<meta property=\"og:locale\" content=\"en_US\" \/>\n<meta property=\"og:type\" content=\"article\" \/>\n<meta property=\"og:title\" content=\"St\u00fcckgut XXL - Borne Logistik\" \/>\n<meta property=\"og:description\" content=\"St\u00fcckgut XXL, auch sperrige palettisierte G\u00fcter bis 6 m L\u00e4nge bef\u00f6rdern wir einfach und unkompliziert. Dank seitlicher Be- und Entladung gew\u00e4hrleisten wir hierbei extrem niedrige Schadensquoten (&lt; 0,1 %) und garantieren einen reibungslosen Umschlag.\" \/>\n<meta property=\"og:url\" content=\"https:\/\/borne-logistik.de\/en\/unsere-leistungen\/stueckgut-xxl\/\" \/>\n<meta property=\"og:site_name\" content=\"Borne Logistik\" \/>\n<meta property=\"article:modified_time\" content=\"2023-01-11T08:37:36+00:00\" \/>\n<meta property=\"og:image\" content=\"http:\/\/borne-logistik.de\/wp-content\/uploads\/20141107_102541-770x433.jpg\" \/>\n<meta name=\"twitter:label1\" content=\"Est. reading time\" \/>\n\t<meta name=\"twitter:data1\" content=\"2 minutes\" \/>\n<script type=\"application\/ld+json\" class=\"yoast-schema-graph\">{\"@context\":\"https:\\\/\\\/schema.org\",\"@graph\":[{\"@type\":\"WebPage\",\"@id\":\"https:\\\/\\\/borne-logistik.de\\\/en\\\/unsere-leistungen\\\/stueckgut-xxl\\\/\",\"url\":\"https:\\\/\\\/borne-logistik.de\\\/en\\\/unsere-leistungen\\\/stueckgut-xxl\\\/\",\"name\":\"St\u00fcckgut XXL - Borne Logistik\",\"isPartOf\":{\"@id\":\"https:\\\/\\\/borne-logistik.de\\\/#website\"},\"primaryImageOfPage\":{\"@id\":\"https:\\\/\\\/borne-logistik.de\\\/en\\\/unsere-leistungen\\\/stueckgut-xxl\\\/#primaryimage\"},\"image\":{\"@id\":\"https:\\\/\\\/borne-logistik.de\\\/en\\\/unsere-leistungen\\\/stueckgut-xxl\\\/#primaryimage\"},\"thumbnailUrl\":\"http:\\\/\\\/borne-logistik.de\\\/wp-content\\\/uploads\\\/20141107_102541-770x433.jpg\",\"datePublished\":\"2015-07-29T13:49:48+00:00\",\"dateModified\":\"2023-01-11T08:37:36+00:00\",\"description\":\"St\u00fcckgut XXL, auch sperrige palettisierte G\u00fcter bis 6 m L\u00e4nge bef\u00f6rdern wir einfach und unkompliziert. Dank seitlicher Be- und Entladung gew\u00e4hrleisten wir hierbei extrem niedrige Schadensquoten (&lt; 0,1 %) und garantieren einen reibungslosen Umschlag.\",\"breadcrumb\":{\"@id\":\"https:\\\/\\\/borne-logistik.de\\\/en\\\/unsere-leistungen\\\/stueckgut-xxl\\\/#breadcrumb\"},\"inLanguage\":\"en-US\",\"potentialAction\":[{\"@type\":\"ReadAction\",\"target\":[\"https:\\\/\\\/borne-logistik.de\\\/en\\\/unsere-leistungen\\\/stueckgut-xxl\\\/\"]}]},{\"@type\":\"ImageObject\",\"inLanguage\":\"en-US\",\"@id\":\"https:\\\/\\\/borne-logistik.de\\\/en\\\/unsere-leistungen\\\/stueckgut-xxl\\\/#primaryimage\",\"url\":\"http:\\\/\\\/borne-logistik.de\\\/wp-content\\\/uploads\\\/20141107_102541-770x433.jpg\",\"contentUrl\":\"http:\\\/\\\/borne-logistik.de\\\/wp-content\\\/uploads\\\/20141107_102541-770x433.jpg\"},{\"@type\":\"BreadcrumbList\",\"@id\":\"https:\\\/\\\/borne-logistik.de\\\/en\\\/unsere-leistungen\\\/stueckgut-xxl\\\/#breadcrumb\",\"itemListElement\":[{\"@type\":\"ListItem\",\"position\":1,\"name\":\"Start\",\"item\":\"https:\\\/\\\/borne-logistik.de\\\/en\\\/kontakt\\\/\"},{\"@type\":\"ListItem\",\"position\":2,\"name\":\"Unsere Leistungen\",\"item\":\"https:\\\/\\\/borne-logistik.de\\\/en\\\/unsere-leistungen\\\/\"},{\"@type\":\"ListItem\",\"position\":3,\"name\":\"St\u00fcckgut XXL\"}]},{\"@type\":\"WebSite\",\"@id\":\"https:\\\/\\\/borne-logistik.de\\\/#website\",\"url\":\"https:\\\/\\\/borne-logistik.de\\\/\",\"name\":\"Borne Logistik\",\"description\":\"\",\"publisher\":{\"@id\":\"https:\\\/\\\/borne-logistik.de\\\/#organization\"},\"potentialAction\":[{\"@type\":\"SearchAction\",\"target\":{\"@type\":\"EntryPoint\",\"urlTemplate\":\"https:\\\/\\\/borne-logistik.de\\\/?s={search_term_string}\"},\"query-input\":{\"@type\":\"PropertyValueSpecification\",\"valueRequired\":true,\"valueName\":\"search_term_string\"}}],\"inLanguage\":\"en-US\"},{\"@type\":\"Organization\",\"@id\":\"https:\\\/\\\/borne-logistik.de\\\/#organization\",\"name\":\"Borne Logistik\",\"url\":\"https:\\\/\\\/borne-logistik.de\\\/\",\"logo\":{\"@type\":\"ImageObject\",\"inLanguage\":\"en-US\",\"@id\":\"https:\\\/\\\/borne-logistik.de\\\/#\\\/schema\\\/logo\\\/image\\\/\",\"url\":\"https:\\\/\\\/borne-logistik.de\\\/wp-content\\\/uploads\\\/Logo_Borne_Logistik_rgb.svg\",\"contentUrl\":\"https:\\\/\\\/borne-logistik.de\\\/wp-content\\\/uploads\\\/Logo_Borne_Logistik_rgb.svg\",\"caption\":\"Borne Logistik\"},\"image\":{\"@id\":\"https:\\\/\\\/borne-logistik.de\\\/#\\\/schema\\\/logo\\\/image\\\/\"}}]}<\/script>\n<!-- \/ Yoast SEO plugin. -->","yoast_head_json":{"title":"St\u00fcckgut XXL - Borne Logistik","description":"St\u00fcckgut XXL, auch sperrige palettisierte G\u00fcter bis 6 m L\u00e4nge bef\u00f6rdern wir einfach und unkompliziert. Dank seitlicher Be- und Entladung gew\u00e4hrleisten wir hierbei extrem niedrige Schadensquoten (&lt; 0,1 %) und garantieren einen reibungslosen Umschlag.","robots":{"index":"index","follow":"follow","max-snippet":"max-snippet:-1","max-image-preview":"max-image-preview:large","max-video-preview":"max-video-preview:-1"},"canonical":"https:\/\/borne-logistik.de\/en\/unsere-leistungen\/stueckgut-xxl\/","og_locale":"en_US","og_type":"article","og_title":"St\u00fcckgut XXL - Borne Logistik","og_description":"St\u00fcckgut XXL, auch sperrige palettisierte G\u00fcter bis 6 m L\u00e4nge bef\u00f6rdern wir einfach und unkompliziert. Dank seitlicher Be- und Entladung gew\u00e4hrleisten wir hierbei extrem niedrige Schadensquoten (&lt; 0,1 %) und garantieren einen reibungslosen Umschlag.","og_url":"https:\/\/borne-logistik.de\/en\/unsere-leistungen\/stueckgut-xxl\/","og_site_name":"Borne Logistik","article_modified_time":"2023-01-11T08:37:36+00:00","og_image":[{"url":"http:\/\/borne-logistik.de\/wp-content\/uploads\/20141107_102541-770x433.jpg","type":"","width":"","height":""}],"twitter_misc":{"Est. reading time":"2 minutes"},"schema":{"@context":"https:\/\/schema.org","@graph":[{"@type":"WebPage","@id":"https:\/\/borne-logistik.de\/en\/unsere-leistungen\/stueckgut-xxl\/","url":"https:\/\/borne-logistik.de\/en\/unsere-leistungen\/stueckgut-xxl\/","name":"St\u00fcckgut XXL - Borne Logistik","isPartOf":{"@id":"https:\/\/borne-logistik.de\/#website"},"primaryImageOfPage":{"@id":"https:\/\/borne-logistik.de\/en\/unsere-leistungen\/stueckgut-xxl\/#primaryimage"},"image":{"@id":"https:\/\/borne-logistik.de\/en\/unsere-leistungen\/stueckgut-xxl\/#primaryimage"},"thumbnailUrl":"http:\/\/borne-logistik.de\/wp-content\/uploads\/20141107_102541-770x433.jpg","datePublished":"2015-07-29T13:49:48+00:00","dateModified":"2023-01-11T08:37:36+00:00","description":"St\u00fcckgut XXL, auch sperrige palettisierte G\u00fcter bis 6 m L\u00e4nge bef\u00f6rdern wir einfach und unkompliziert. Dank seitlicher Be- und Entladung gew\u00e4hrleisten wir hierbei extrem niedrige Schadensquoten (&lt; 0,1 %) und garantieren einen reibungslosen Umschlag.","breadcrumb":{"@id":"https:\/\/borne-logistik.de\/en\/unsere-leistungen\/stueckgut-xxl\/#breadcrumb"},"inLanguage":"en-US","potentialAction":[{"@type":"ReadAction","target":["https:\/\/borne-logistik.de\/en\/unsere-leistungen\/stueckgut-xxl\/"]}]},{"@type":"ImageObject","inLanguage":"en-US","@id":"https:\/\/borne-logistik.de\/en\/unsere-leistungen\/stueckgut-xxl\/#primaryimage","url":"http:\/\/borne-logistik.de\/wp-content\/uploads\/20141107_102541-770x433.jpg","contentUrl":"http:\/\/borne-logistik.de\/wp-content\/uploads\/20141107_102541-770x433.jpg"},{"@type":"BreadcrumbList","@id":"https:\/\/borne-logistik.de\/en\/unsere-leistungen\/stueckgut-xxl\/#breadcrumb","itemListElement":[{"@type":"ListItem","position":1,"name":"Start","item":"https:\/\/borne-logistik.de\/en\/kontakt\/"},{"@type":"ListItem","position":2,"name":"Unsere Leistungen","item":"https:\/\/borne-logistik.de\/en\/unsere-leistungen\/"},{"@type":"ListItem","position":3,"name":"St\u00fcckgut XXL"}]},{"@type":"WebSite","@id":"https:\/\/borne-logistik.de\/#website","url":"https:\/\/borne-logistik.de\/","name":"Borne Logistik","description":"","publisher":{"@id":"https:\/\/borne-logistik.de\/#organization"},"potentialAction":[{"@type":"SearchAction","target":{"@type":"EntryPoint","urlTemplate":"https:\/\/borne-logistik.de\/?s={search_term_string}"},"query-input":{"@type":"PropertyValueSpecification","valueRequired":true,"valueName":"search_term_string"}}],"inLanguage":"en-US"},{"@type":"Organization","@id":"https:\/\/borne-logistik.de\/#organization","name":"Borne Logistik","url":"https:\/\/borne-logistik.de\/","logo":{"@type":"ImageObject","inLanguage":"en-US","@id":"https:\/\/borne-logistik.de\/#\/schema\/logo\/image\/","url":"https:\/\/borne-logistik.de\/wp-content\/uploads\/Logo_Borne_Logistik_rgb.svg","contentUrl":"https:\/\/borne-logistik.de\/wp-content\/uploads\/Logo_Borne_Logistik_rgb.svg","caption":"Borne Logistik"},"image":{"@id":"https:\/\/borne-logistik.de\/#\/schema\/logo\/image\/"}}]}},"_links":{"self":[{"href":"https:\/\/borne-logistik.de\/en\/wp-json\/wp\/v2\/pages\/2671","targetHints":{"allow":["GET"]}}],"collection":[{"href":"https:\/\/borne-logistik.de\/en\/wp-json\/wp\/v2\/pages"}],"about":[{"href":"https:\/\/borne-logistik.de\/en\/wp-json\/wp\/v2\/types\/page"}],"author":[{"embeddable":true,"href":"https:\/\/borne-logistik.de\/en\/wp-json\/wp\/v2\/users\/4"}],"replies":[{"embeddable":true,"href":"https:\/\/borne-logistik.de\/en\/wp-json\/wp\/v2\/comments?post=2671"}],"version-history":[{"count":5,"href":"https:\/\/borne-logistik.de\/en\/wp-json\/wp\/v2\/pages\/2671\/revisions"}],"predecessor-version":[{"id":4999,"href":"https:\/\/borne-logistik.de\/en\/wp-json\/wp\/v2\/pages\/2671\/revisions\/4999"}],"up":[{"embeddable":true,"href":"https:\/\/borne-logistik.de\/en\/wp-json\/wp\/v2\/pages\/2751"}],"wp:attachment":[{"href":"https:\/\/borne-logistik.de\/en\/wp-json\/wp\/v2\/media?parent=2671"}],"curies":[{"name":"wp","href":"https:\/\/api.w.org\/{rel}","templated":true}]}}