{"id":2741,"date":"2014-10-22T11:45:55","date_gmt":"2014-10-22T09:45:55","guid":{"rendered":"https:\/\/borne-logistik.de\/jobs-2\/"},"modified":"2023-01-09T14:25:32","modified_gmt":"2023-01-09T13:25:32","slug":"jobs","status":"publish","type":"page","link":"https:\/\/borne-logistik.de\/en\/ueber-uns\/jobs\/","title":{"rendered":"Jobs"},"content":{"rendered":"\n<h1 class=\"wp-block-heading\">Jobs<\/h1>\n\n\n\n<h2 class=\"wp-block-heading\">Unsere offenen Stellen<\/h2>\n\n\n\n<p>Wir sind st\u00e4ndig auf der Suche nach qualifizierten und motivierten Mitarbeitern und Mitarbeiterinnen. Au\u00dferdem bieten wir selbstverst\u00e4ndlich in unterschiedlichsten Bereichen Ausbildungspl\u00e4tze an.<\/p>\n\n\n\n<div class=\"wp-block-rdts-blocks-eyecatcher\"><div class=\"ma_eyecatcher\"><a href=\"http:\/\/www.borne.de\/infos-fuer\/infos-fuer-stellensuchende\/\" target=\"_blank\" rel=\"noreferrer noopener\" class=\"link\"><div class=\"row\"><div class=\"col-md-4\"><div class=\"ma_eyecatcher_img\"><div style=\"background-image:url(http:\/\/borne-logistik.de\/wp-content\/uploads\/B\u00fcro-770x429.jpg)\" class=\"ma_eyecatcher_link\">\u00a0<\/div><\/div><\/div><div class=\"col-md-8\"><div class=\"ma_eyecatcher_text\"><h2 class=\"title\">Unsere Stellenangebote<\/h2><h3 class=\"description\">Arbeiten bei Borne<\/h3><\/div><\/div><\/div><\/a><\/div><\/div>\n\n\n\n<div class=\"wp-block-rdts-blocks-eyecatcher\"><div class=\"ma_eyecatcher\"><a href=\"http:\/\/www.borne.de\/infos-fuer\/infos-fuer-auszubildende\/\" target=\"_blank\" rel=\"noreferrer noopener\" class=\"link\"><div class=\"row\"><div class=\"col-md-4\"><div class=\"ma_eyecatcher_img\"><div style=\"background-image:url(http:\/\/borne-logistik.de\/wp-content\/uploads\/Wir-bilden-aus-2.jpg)\" class=\"ma_eyecatcher_link\">\u00a0<\/div><\/div><\/div><div class=\"col-md-8\"><div class=\"ma_eyecatcher_text\"><h2 class=\"title\">Unsere Ausbildungsangebote<\/h2><h3 class=\"description\">Wir schreiben Ausbildung gro\u00df!<\/h3><\/div><\/div><\/div><\/a><\/div><\/div>\n","protected":false},"excerpt":{"rendered":"<p>Jobs Unsere offenen Stellen Wir sind st\u00e4ndig auf der Suche nach qualifizierten und motivierten Mitarbeitern und Mitarbeiterinnen. Au\u00dferdem bieten wir selbstverst\u00e4ndlich in unterschiedlichsten Bereichen Ausbildungspl\u00e4tze an.<\/p>\n","protected":false},"author":3,"featured_media":0,"parent":2653,"menu_order":54,"comment_status":"closed","ping_status":"closed","template":"","meta":{"_acf_changed":false,"footnotes":""},"class_list":["post-2741","page","type-page","status-publish","hentry"],"acf":[],"yoast_head":"<!-- This site is optimized with the Yoast SEO plugin v27.4 - https:\/\/yoast.com\/product\/yoast-seo-wordpress\/ -->\n<title>Jobs - Borne Logistik<\/title>\n<meta name=\"description\" content=\"Borne Logistik aus Trierweiler, Ihre Spedition f\u00fcr Teil- und Komplettladungen, St\u00fcckgut, Transporte von und nach Frankreich in der Region Trier. Wir sind Mitglied der Netzwerke ASTRE paletsystem, ILN und DiALOG.\" \/>\n<meta name=\"robots\" content=\"index, follow, max-snippet:-1, max-image-preview:large, max-video-preview:-1\" \/>\n<link rel=\"canonical\" href=\"https:\/\/borne-logistik.de\/en\/ueber-uns\/jobs\/\" \/>\n<meta property=\"og:locale\" content=\"en_US\" \/>\n<meta property=\"og:type\" content=\"article\" \/>\n<meta property=\"og:title\" content=\"Jobs - Borne Logistik\" \/>\n<meta property=\"og:description\" content=\"Borne Logistik aus Trierweiler, Ihre Spedition f\u00fcr Teil- und Komplettladungen, St\u00fcckgut, Transporte von und nach Frankreich in der Region Trier. Wir sind Mitglied der Netzwerke ASTRE paletsystem, ILN und DiALOG.\" \/>\n<meta property=\"og:url\" content=\"https:\/\/borne-logistik.de\/en\/ueber-uns\/jobs\/\" \/>\n<meta property=\"og:site_name\" content=\"Borne Logistik\" \/>\n<meta property=\"article:modified_time\" content=\"2023-01-09T13:25:32+00:00\" \/>\n<meta name=\"twitter:label1\" content=\"Est. reading time\" \/>\n\t<meta name=\"twitter:data1\" content=\"1 minute\" \/>\n<script type=\"application\/ld+json\" class=\"yoast-schema-graph\">{\"@context\":\"https:\\\/\\\/schema.org\",\"@graph\":[{\"@type\":\"WebPage\",\"@id\":\"https:\\\/\\\/borne-logistik.de\\\/en\\\/ueber-uns\\\/jobs\\\/\",\"url\":\"https:\\\/\\\/borne-logistik.de\\\/en\\\/ueber-uns\\\/jobs\\\/\",\"name\":\"Jobs - Borne Logistik\",\"isPartOf\":{\"@id\":\"https:\\\/\\\/borne-logistik.de\\\/#website\"},\"datePublished\":\"2014-10-22T09:45:55+00:00\",\"dateModified\":\"2023-01-09T13:25:32+00:00\",\"description\":\"Borne Logistik aus Trierweiler, Ihre Spedition f\u00fcr Teil- und Komplettladungen, St\u00fcckgut, Transporte von und nach Frankreich in der Region Trier. Wir sind Mitglied der Netzwerke ASTRE paletsystem, ILN und DiALOG.\",\"breadcrumb\":{\"@id\":\"https:\\\/\\\/borne-logistik.de\\\/en\\\/ueber-uns\\\/jobs\\\/#breadcrumb\"},\"inLanguage\":\"en-US\",\"potentialAction\":[{\"@type\":\"ReadAction\",\"target\":[\"https:\\\/\\\/borne-logistik.de\\\/en\\\/ueber-uns\\\/jobs\\\/\"]}]},{\"@type\":\"BreadcrumbList\",\"@id\":\"https:\\\/\\\/borne-logistik.de\\\/en\\\/ueber-uns\\\/jobs\\\/#breadcrumb\",\"itemListElement\":[{\"@type\":\"ListItem\",\"position\":1,\"name\":\"Start\",\"item\":\"https:\\\/\\\/borne-logistik.de\\\/en\\\/kontakt\\\/\"},{\"@type\":\"ListItem\",\"position\":2,\"name\":\"\u00dcber uns\",\"item\":\"https:\\\/\\\/borne-logistik.de\\\/en\\\/ueber-uns\\\/\"},{\"@type\":\"ListItem\",\"position\":3,\"name\":\"Jobs\"}]},{\"@type\":\"WebSite\",\"@id\":\"https:\\\/\\\/borne-logistik.de\\\/#website\",\"url\":\"https:\\\/\\\/borne-logistik.de\\\/\",\"name\":\"Borne Logistik\",\"description\":\"\",\"publisher\":{\"@id\":\"https:\\\/\\\/borne-logistik.de\\\/#organization\"},\"potentialAction\":[{\"@type\":\"SearchAction\",\"target\":{\"@type\":\"EntryPoint\",\"urlTemplate\":\"https:\\\/\\\/borne-logistik.de\\\/?s={search_term_string}\"},\"query-input\":{\"@type\":\"PropertyValueSpecification\",\"valueRequired\":true,\"valueName\":\"search_term_string\"}}],\"inLanguage\":\"en-US\"},{\"@type\":\"Organization\",\"@id\":\"https:\\\/\\\/borne-logistik.de\\\/#organization\",\"name\":\"Borne Logistik\",\"url\":\"https:\\\/\\\/borne-logistik.de\\\/\",\"logo\":{\"@type\":\"ImageObject\",\"inLanguage\":\"en-US\",\"@id\":\"https:\\\/\\\/borne-logistik.de\\\/#\\\/schema\\\/logo\\\/image\\\/\",\"url\":\"https:\\\/\\\/borne-logistik.de\\\/wp-content\\\/uploads\\\/Logo_Borne_Logistik_rgb.svg\",\"contentUrl\":\"https:\\\/\\\/borne-logistik.de\\\/wp-content\\\/uploads\\\/Logo_Borne_Logistik_rgb.svg\",\"caption\":\"Borne Logistik\"},\"image\":{\"@id\":\"https:\\\/\\\/borne-logistik.de\\\/#\\\/schema\\\/logo\\\/image\\\/\"}}]}<\/script>\n<!-- \/ Yoast SEO plugin. -->","yoast_head_json":{"title":"Jobs - Borne Logistik","description":"Borne Logistik aus Trierweiler, Ihre Spedition f\u00fcr Teil- und Komplettladungen, St\u00fcckgut, Transporte von und nach Frankreich in der Region Trier. Wir sind Mitglied der Netzwerke ASTRE paletsystem, ILN und DiALOG.","robots":{"index":"index","follow":"follow","max-snippet":"max-snippet:-1","max-image-preview":"max-image-preview:large","max-video-preview":"max-video-preview:-1"},"canonical":"https:\/\/borne-logistik.de\/en\/ueber-uns\/jobs\/","og_locale":"en_US","og_type":"article","og_title":"Jobs - Borne Logistik","og_description":"Borne Logistik aus Trierweiler, Ihre Spedition f\u00fcr Teil- und Komplettladungen, St\u00fcckgut, Transporte von und nach Frankreich in der Region Trier. Wir sind Mitglied der Netzwerke ASTRE paletsystem, ILN und DiALOG.","og_url":"https:\/\/borne-logistik.de\/en\/ueber-uns\/jobs\/","og_site_name":"Borne Logistik","article_modified_time":"2023-01-09T13:25:32+00:00","twitter_misc":{"Est. reading time":"1 minute"},"schema":{"@context":"https:\/\/schema.org","@graph":[{"@type":"WebPage","@id":"https:\/\/borne-logistik.de\/en\/ueber-uns\/jobs\/","url":"https:\/\/borne-logistik.de\/en\/ueber-uns\/jobs\/","name":"Jobs - Borne Logistik","isPartOf":{"@id":"https:\/\/borne-logistik.de\/#website"},"datePublished":"2014-10-22T09:45:55+00:00","dateModified":"2023-01-09T13:25:32+00:00","description":"Borne Logistik aus Trierweiler, Ihre Spedition f\u00fcr Teil- und Komplettladungen, St\u00fcckgut, Transporte von und nach Frankreich in der Region Trier. Wir sind Mitglied der Netzwerke ASTRE paletsystem, ILN und DiALOG.","breadcrumb":{"@id":"https:\/\/borne-logistik.de\/en\/ueber-uns\/jobs\/#breadcrumb"},"inLanguage":"en-US","potentialAction":[{"@type":"ReadAction","target":["https:\/\/borne-logistik.de\/en\/ueber-uns\/jobs\/"]}]},{"@type":"BreadcrumbList","@id":"https:\/\/borne-logistik.de\/en\/ueber-uns\/jobs\/#breadcrumb","itemListElement":[{"@type":"ListItem","position":1,"name":"Start","item":"https:\/\/borne-logistik.de\/en\/kontakt\/"},{"@type":"ListItem","position":2,"name":"\u00dcber uns","item":"https:\/\/borne-logistik.de\/en\/ueber-uns\/"},{"@type":"ListItem","position":3,"name":"Jobs"}]},{"@type":"WebSite","@id":"https:\/\/borne-logistik.de\/#website","url":"https:\/\/borne-logistik.de\/","name":"Borne Logistik","description":"","publisher":{"@id":"https:\/\/borne-logistik.de\/#organization"},"potentialAction":[{"@type":"SearchAction","target":{"@type":"EntryPoint","urlTemplate":"https:\/\/borne-logistik.de\/?s={search_term_string}"},"query-input":{"@type":"PropertyValueSpecification","valueRequired":true,"valueName":"search_term_string"}}],"inLanguage":"en-US"},{"@type":"Organization","@id":"https:\/\/borne-logistik.de\/#organization","name":"Borne Logistik","url":"https:\/\/borne-logistik.de\/","logo":{"@type":"ImageObject","inLanguage":"en-US","@id":"https:\/\/borne-logistik.de\/#\/schema\/logo\/image\/","url":"https:\/\/borne-logistik.de\/wp-content\/uploads\/Logo_Borne_Logistik_rgb.svg","contentUrl":"https:\/\/borne-logistik.de\/wp-content\/uploads\/Logo_Borne_Logistik_rgb.svg","caption":"Borne Logistik"},"image":{"@id":"https:\/\/borne-logistik.de\/#\/schema\/logo\/image\/"}}]}},"_links":{"self":[{"href":"https:\/\/borne-logistik.de\/en\/wp-json\/wp\/v2\/pages\/2741","targetHints":{"allow":["GET"]}}],"collection":[{"href":"https:\/\/borne-logistik.de\/en\/wp-json\/wp\/v2\/pages"}],"about":[{"href":"https:\/\/borne-logistik.de\/en\/wp-json\/wp\/v2\/types\/page"}],"author":[{"embeddable":true,"href":"https:\/\/borne-logistik.de\/en\/wp-json\/wp\/v2\/users\/3"}],"replies":[{"embeddable":true,"href":"https:\/\/borne-logistik.de\/en\/wp-json\/wp\/v2\/comments?post=2741"}],"version-history":[{"count":6,"href":"https:\/\/borne-logistik.de\/en\/wp-json\/wp\/v2\/pages\/2741\/revisions"}],"predecessor-version":[{"id":4893,"href":"https:\/\/borne-logistik.de\/en\/wp-json\/wp\/v2\/pages\/2741\/revisions\/4893"}],"up":[{"embeddable":true,"href":"https:\/\/borne-logistik.de\/en\/wp-json\/wp\/v2\/pages\/2653"}],"wp:attachment":[{"href":"https:\/\/borne-logistik.de\/en\/wp-json\/wp\/v2\/media?parent=2741"}],"curies":[{"name":"wp","href":"https:\/\/api.w.org\/{rel}","templated":true}]}}