{"id":2672,"date":"2015-07-29T15:49:48","date_gmt":"2015-07-29T13:49:48","guid":{"rendered":"https:\/\/borne-logistik.de\/stueckgut-xxl-2\/"},"modified":"2023-01-09T09:53:27","modified_gmt":"2023-01-09T08:53:27","slug":"stueckgut-xxl","status":"publish","type":"page","link":"https:\/\/borne-logistik.de\/fr\/unsere-leistungen\/stueckgut-xxl\/","title":{"rendered":"St\u00fcckgut XXL"},"content":{"rendered":"\n<h1 class=\"wp-block-heading\">St\u00fcckgut XXL<\/h1>\n\n\n\n<h2 class=\"wp-block-heading\">Sperrige G\u00fcter?&nbsp; &#8211; F\u00fcr uns kein Problem!<\/h2>\n\n\n\n<p>Auch sperrige palettisierte G\u00fcter bis 6 m L\u00e4nge bef\u00f6rdern wir einfach und unkompliziert. Dank seitlicher Be- und Entladung gew\u00e4hrleisten wir hierbei extrem niedrige Schadensquoten (&lt; 0,1 %) und garantieren einen reibungslosen Umschlag.<\/p>\n\n\n\n<p>Ein durchg\u00e4ngiges Scanning aller Netzwerkmitglieder gew\u00e4hrleistet eine verl\u00e4ssliche und p\u00fcnktliche Zustellung innerhalb Europas.<\/p>\n\n\n\n<figure class=\"wp-block-image size-large\"><img loading=\"lazy\" decoding=\"async\" width=\"770\" height=\"433\" src=\"http:\/\/borne-logistik.de\/wp-content\/uploads\/20141107_102541-770x433.jpg\" alt=\"\" class=\"wp-image-2345\"\/><\/figure>\n\n\n\n<div style=\"height:40px\" aria-hidden=\"true\" class=\"wp-block-spacer\"><\/div>\n\n\n\n<figure class=\"wp-block-table\"><table><thead><tr><th class=\"has-text-align-left\" data-align=\"left\">Services<\/th><th><\/th><\/tr><\/thead><tbody><tr><td class=\"has-text-align-left\" data-align=\"left\">Premium<\/td><td>Zustellung in 24 Stunden<\/td><\/tr><tr><td class=\"has-text-align-left\" data-align=\"left\">Economy<\/td><td>Zustellung mit Regellaufzeit 24\/48 Stunden<\/td><\/tr><tr><td class=\"has-text-align-left\" data-align=\"left\">Austausch-Service<\/td><td>Austausch von Waren bei Zustellung<\/td><\/tr><tr><td class=\"has-text-align-left\" data-align=\"left\">Avis<\/td><td>Vereinbarung eines Zustelltermins mit dem Empf\u00e4nger durch uns<\/td><\/tr><tr><td class=\"has-text-align-left\" data-align=\"left\">Hebeb\u00fchnenzustellung<\/td><td>Zustellung mit Hebeb\u00fchne<\/td><\/tr><tr><td class=\"has-text-align-left\" data-align=\"left\">Timed<\/td><td>Zustellung zu einer fixen Uhrzeit<\/td><\/tr><tr><td class=\"has-text-align-left\" data-align=\"left\">Beschaffung<\/td><td>Europaweite \u00dcbernahme Ihrer Bestellungen bei Ihren Lieferanten und zeitgenaue Anlieferung an Ihr Lager<\/td><\/tr><\/tbody><\/table><\/figure>\n","protected":false},"excerpt":{"rendered":"<p>St\u00fcckgut XXL Sperrige G\u00fcter?&nbsp; &#8211; F\u00fcr uns kein Problem! Auch sperrige palettisierte G\u00fcter bis 6 m L\u00e4nge bef\u00f6rdern wir einfach und unkompliziert. Dank seitlicher Be- und Entladung gew\u00e4hrleisten wir hierbei extrem niedrige Schadensquoten (&lt; 0,1 %) und garantieren einen reibungslosen Umschlag. Ein durchg\u00e4ngiges Scanning aller Netzwerkmitglieder gew\u00e4hrleistet eine verl\u00e4ssliche und p\u00fcnktliche Zustellung innerhalb Europas. Services [&hellip;]<\/p>\n","protected":false},"author":4,"featured_media":0,"parent":2752,"menu_order":70,"comment_status":"closed","ping_status":"closed","template":"","meta":{"_acf_changed":false,"footnotes":""},"class_list":["post-2672","page","type-page","status-publish","hentry"],"acf":[],"yoast_head":"<!-- This site is optimized with the Yoast SEO plugin v27.4 - https:\/\/yoast.com\/product\/yoast-seo-wordpress\/ -->\n<title>St\u00fcckgut XXL - Borne Logistik<\/title>\n<meta name=\"description\" content=\"St\u00fcckgut XXL, auch sperrige palettisierte G\u00fcter bis 6 m L\u00e4nge bef\u00f6rdern wir einfach und unkompliziert. Dank seitlicher Be- und Entladung gew\u00e4hrleisten wir hierbei extrem niedrige Schadensquoten (&lt; 0,1 %) und garantieren einen reibungslosen Umschlag.\" \/>\n<meta name=\"robots\" content=\"index, follow, max-snippet:-1, max-image-preview:large, max-video-preview:-1\" \/>\n<link rel=\"canonical\" href=\"https:\/\/borne-logistik.de\/fr\/unsere-leistungen\/stueckgut-xxl\/\" \/>\n<meta property=\"og:locale\" content=\"fr_FR\" \/>\n<meta property=\"og:type\" content=\"article\" \/>\n<meta property=\"og:title\" content=\"St\u00fcckgut XXL - Borne Logistik\" \/>\n<meta property=\"og:description\" content=\"St\u00fcckgut XXL, auch sperrige palettisierte G\u00fcter bis 6 m L\u00e4nge bef\u00f6rdern wir einfach und unkompliziert. Dank seitlicher Be- und Entladung gew\u00e4hrleisten wir hierbei extrem niedrige Schadensquoten (&lt; 0,1 %) und garantieren einen reibungslosen Umschlag.\" \/>\n<meta property=\"og:url\" content=\"https:\/\/borne-logistik.de\/fr\/unsere-leistungen\/stueckgut-xxl\/\" \/>\n<meta property=\"og:site_name\" content=\"Borne Logistik\" \/>\n<meta property=\"article:modified_time\" content=\"2023-01-09T08:53:27+00:00\" \/>\n<meta property=\"og:image\" content=\"http:\/\/borne-logistik.de\/wp-content\/uploads\/20141107_102541-770x433.jpg\" \/>\n<meta name=\"twitter:label1\" content=\"Dur\u00e9e de lecture estim\u00e9e\" \/>\n\t<meta name=\"twitter:data1\" content=\"2 minutes\" \/>\n<script type=\"application\/ld+json\" class=\"yoast-schema-graph\">{\"@context\":\"https:\\\/\\\/schema.org\",\"@graph\":[{\"@type\":\"WebPage\",\"@id\":\"https:\\\/\\\/borne-logistik.de\\\/fr\\\/unsere-leistungen\\\/stueckgut-xxl\\\/\",\"url\":\"https:\\\/\\\/borne-logistik.de\\\/fr\\\/unsere-leistungen\\\/stueckgut-xxl\\\/\",\"name\":\"St\u00fcckgut XXL - Borne Logistik\",\"isPartOf\":{\"@id\":\"https:\\\/\\\/borne-logistik.de\\\/#website\"},\"primaryImageOfPage\":{\"@id\":\"https:\\\/\\\/borne-logistik.de\\\/fr\\\/unsere-leistungen\\\/stueckgut-xxl\\\/#primaryimage\"},\"image\":{\"@id\":\"https:\\\/\\\/borne-logistik.de\\\/fr\\\/unsere-leistungen\\\/stueckgut-xxl\\\/#primaryimage\"},\"thumbnailUrl\":\"http:\\\/\\\/borne-logistik.de\\\/wp-content\\\/uploads\\\/20141107_102541-770x433.jpg\",\"datePublished\":\"2015-07-29T13:49:48+00:00\",\"dateModified\":\"2023-01-09T08:53:27+00:00\",\"description\":\"St\u00fcckgut XXL, auch sperrige palettisierte G\u00fcter bis 6 m L\u00e4nge bef\u00f6rdern wir einfach und unkompliziert. Dank seitlicher Be- und Entladung gew\u00e4hrleisten wir hierbei extrem niedrige Schadensquoten (&lt; 0,1 %) und garantieren einen reibungslosen Umschlag.\",\"breadcrumb\":{\"@id\":\"https:\\\/\\\/borne-logistik.de\\\/fr\\\/unsere-leistungen\\\/stueckgut-xxl\\\/#breadcrumb\"},\"inLanguage\":\"fr-FR\",\"potentialAction\":[{\"@type\":\"ReadAction\",\"target\":[\"https:\\\/\\\/borne-logistik.de\\\/fr\\\/unsere-leistungen\\\/stueckgut-xxl\\\/\"]}]},{\"@type\":\"ImageObject\",\"inLanguage\":\"fr-FR\",\"@id\":\"https:\\\/\\\/borne-logistik.de\\\/fr\\\/unsere-leistungen\\\/stueckgut-xxl\\\/#primaryimage\",\"url\":\"http:\\\/\\\/borne-logistik.de\\\/wp-content\\\/uploads\\\/20141107_102541-770x433.jpg\",\"contentUrl\":\"http:\\\/\\\/borne-logistik.de\\\/wp-content\\\/uploads\\\/20141107_102541-770x433.jpg\"},{\"@type\":\"BreadcrumbList\",\"@id\":\"https:\\\/\\\/borne-logistik.de\\\/fr\\\/unsere-leistungen\\\/stueckgut-xxl\\\/#breadcrumb\",\"itemListElement\":[{\"@type\":\"ListItem\",\"position\":1,\"name\":\"Start\",\"item\":\"https:\\\/\\\/borne-logistik.de\\\/fr\\\/kontakt\\\/\"},{\"@type\":\"ListItem\",\"position\":2,\"name\":\"Unsere Leistungen\",\"item\":\"https:\\\/\\\/borne-logistik.de\\\/fr\\\/unsere-leistungen\\\/\"},{\"@type\":\"ListItem\",\"position\":3,\"name\":\"St\u00fcckgut XXL\"}]},{\"@type\":\"WebSite\",\"@id\":\"https:\\\/\\\/borne-logistik.de\\\/#website\",\"url\":\"https:\\\/\\\/borne-logistik.de\\\/\",\"name\":\"Borne Logistik\",\"description\":\"\",\"publisher\":{\"@id\":\"https:\\\/\\\/borne-logistik.de\\\/#organization\"},\"potentialAction\":[{\"@type\":\"SearchAction\",\"target\":{\"@type\":\"EntryPoint\",\"urlTemplate\":\"https:\\\/\\\/borne-logistik.de\\\/?s={search_term_string}\"},\"query-input\":{\"@type\":\"PropertyValueSpecification\",\"valueRequired\":true,\"valueName\":\"search_term_string\"}}],\"inLanguage\":\"fr-FR\"},{\"@type\":\"Organization\",\"@id\":\"https:\\\/\\\/borne-logistik.de\\\/#organization\",\"name\":\"Borne Logistik\",\"url\":\"https:\\\/\\\/borne-logistik.de\\\/\",\"logo\":{\"@type\":\"ImageObject\",\"inLanguage\":\"fr-FR\",\"@id\":\"https:\\\/\\\/borne-logistik.de\\\/#\\\/schema\\\/logo\\\/image\\\/\",\"url\":\"https:\\\/\\\/borne-logistik.de\\\/wp-content\\\/uploads\\\/Logo_Borne_Logistik_rgb.svg\",\"contentUrl\":\"https:\\\/\\\/borne-logistik.de\\\/wp-content\\\/uploads\\\/Logo_Borne_Logistik_rgb.svg\",\"caption\":\"Borne Logistik\"},\"image\":{\"@id\":\"https:\\\/\\\/borne-logistik.de\\\/#\\\/schema\\\/logo\\\/image\\\/\"}}]}<\/script>\n<!-- \/ Yoast SEO plugin. -->","yoast_head_json":{"title":"St\u00fcckgut XXL - Borne Logistik","description":"St\u00fcckgut XXL, auch sperrige palettisierte G\u00fcter bis 6 m L\u00e4nge bef\u00f6rdern wir einfach und unkompliziert. Dank seitlicher Be- und Entladung gew\u00e4hrleisten wir hierbei extrem niedrige Schadensquoten (&lt; 0,1 %) und garantieren einen reibungslosen Umschlag.","robots":{"index":"index","follow":"follow","max-snippet":"max-snippet:-1","max-image-preview":"max-image-preview:large","max-video-preview":"max-video-preview:-1"},"canonical":"https:\/\/borne-logistik.de\/fr\/unsere-leistungen\/stueckgut-xxl\/","og_locale":"fr_FR","og_type":"article","og_title":"St\u00fcckgut XXL - Borne Logistik","og_description":"St\u00fcckgut XXL, auch sperrige palettisierte G\u00fcter bis 6 m L\u00e4nge bef\u00f6rdern wir einfach und unkompliziert. Dank seitlicher Be- und Entladung gew\u00e4hrleisten wir hierbei extrem niedrige Schadensquoten (&lt; 0,1 %) und garantieren einen reibungslosen Umschlag.","og_url":"https:\/\/borne-logistik.de\/fr\/unsere-leistungen\/stueckgut-xxl\/","og_site_name":"Borne Logistik","article_modified_time":"2023-01-09T08:53:27+00:00","og_image":[{"url":"http:\/\/borne-logistik.de\/wp-content\/uploads\/20141107_102541-770x433.jpg","type":"","width":"","height":""}],"twitter_misc":{"Dur\u00e9e de lecture estim\u00e9e":"2 minutes"},"schema":{"@context":"https:\/\/schema.org","@graph":[{"@type":"WebPage","@id":"https:\/\/borne-logistik.de\/fr\/unsere-leistungen\/stueckgut-xxl\/","url":"https:\/\/borne-logistik.de\/fr\/unsere-leistungen\/stueckgut-xxl\/","name":"St\u00fcckgut XXL - Borne Logistik","isPartOf":{"@id":"https:\/\/borne-logistik.de\/#website"},"primaryImageOfPage":{"@id":"https:\/\/borne-logistik.de\/fr\/unsere-leistungen\/stueckgut-xxl\/#primaryimage"},"image":{"@id":"https:\/\/borne-logistik.de\/fr\/unsere-leistungen\/stueckgut-xxl\/#primaryimage"},"thumbnailUrl":"http:\/\/borne-logistik.de\/wp-content\/uploads\/20141107_102541-770x433.jpg","datePublished":"2015-07-29T13:49:48+00:00","dateModified":"2023-01-09T08:53:27+00:00","description":"St\u00fcckgut XXL, auch sperrige palettisierte G\u00fcter bis 6 m L\u00e4nge bef\u00f6rdern wir einfach und unkompliziert. Dank seitlicher Be- und Entladung gew\u00e4hrleisten wir hierbei extrem niedrige Schadensquoten (&lt; 0,1 %) und garantieren einen reibungslosen Umschlag.","breadcrumb":{"@id":"https:\/\/borne-logistik.de\/fr\/unsere-leistungen\/stueckgut-xxl\/#breadcrumb"},"inLanguage":"fr-FR","potentialAction":[{"@type":"ReadAction","target":["https:\/\/borne-logistik.de\/fr\/unsere-leistungen\/stueckgut-xxl\/"]}]},{"@type":"ImageObject","inLanguage":"fr-FR","@id":"https:\/\/borne-logistik.de\/fr\/unsere-leistungen\/stueckgut-xxl\/#primaryimage","url":"http:\/\/borne-logistik.de\/wp-content\/uploads\/20141107_102541-770x433.jpg","contentUrl":"http:\/\/borne-logistik.de\/wp-content\/uploads\/20141107_102541-770x433.jpg"},{"@type":"BreadcrumbList","@id":"https:\/\/borne-logistik.de\/fr\/unsere-leistungen\/stueckgut-xxl\/#breadcrumb","itemListElement":[{"@type":"ListItem","position":1,"name":"Start","item":"https:\/\/borne-logistik.de\/fr\/kontakt\/"},{"@type":"ListItem","position":2,"name":"Unsere Leistungen","item":"https:\/\/borne-logistik.de\/fr\/unsere-leistungen\/"},{"@type":"ListItem","position":3,"name":"St\u00fcckgut XXL"}]},{"@type":"WebSite","@id":"https:\/\/borne-logistik.de\/#website","url":"https:\/\/borne-logistik.de\/","name":"Borne Logistik","description":"","publisher":{"@id":"https:\/\/borne-logistik.de\/#organization"},"potentialAction":[{"@type":"SearchAction","target":{"@type":"EntryPoint","urlTemplate":"https:\/\/borne-logistik.de\/?s={search_term_string}"},"query-input":{"@type":"PropertyValueSpecification","valueRequired":true,"valueName":"search_term_string"}}],"inLanguage":"fr-FR"},{"@type":"Organization","@id":"https:\/\/borne-logistik.de\/#organization","name":"Borne Logistik","url":"https:\/\/borne-logistik.de\/","logo":{"@type":"ImageObject","inLanguage":"fr-FR","@id":"https:\/\/borne-logistik.de\/#\/schema\/logo\/image\/","url":"https:\/\/borne-logistik.de\/wp-content\/uploads\/Logo_Borne_Logistik_rgb.svg","contentUrl":"https:\/\/borne-logistik.de\/wp-content\/uploads\/Logo_Borne_Logistik_rgb.svg","caption":"Borne Logistik"},"image":{"@id":"https:\/\/borne-logistik.de\/#\/schema\/logo\/image\/"}}]}},"_links":{"self":[{"href":"https:\/\/borne-logistik.de\/fr\/wp-json\/wp\/v2\/pages\/2672","targetHints":{"allow":["GET"]}}],"collection":[{"href":"https:\/\/borne-logistik.de\/fr\/wp-json\/wp\/v2\/pages"}],"about":[{"href":"https:\/\/borne-logistik.de\/fr\/wp-json\/wp\/v2\/types\/page"}],"author":[{"embeddable":true,"href":"https:\/\/borne-logistik.de\/fr\/wp-json\/wp\/v2\/users\/4"}],"replies":[{"embeddable":true,"href":"https:\/\/borne-logistik.de\/fr\/wp-json\/wp\/v2\/comments?post=2672"}],"version-history":[{"count":7,"href":"https:\/\/borne-logistik.de\/fr\/wp-json\/wp\/v2\/pages\/2672\/revisions"}],"predecessor-version":[{"id":4880,"href":"https:\/\/borne-logistik.de\/fr\/wp-json\/wp\/v2\/pages\/2672\/revisions\/4880"}],"up":[{"embeddable":true,"href":"https:\/\/borne-logistik.de\/fr\/wp-json\/wp\/v2\/pages\/2752"}],"wp:attachment":[{"href":"https:\/\/borne-logistik.de\/fr\/wp-json\/wp\/v2\/media?parent=2672"}],"curies":[{"name":"wp","href":"https:\/\/api.w.org\/{rel}","templated":true}]}}