{"id":2678,"date":"2015-07-29T15:44:40","date_gmt":"2015-07-29T13:44:40","guid":{"rendered":"https:\/\/borne-logistik.de\/stueckgut-deutschland-europa-2\/"},"modified":"2023-01-12T10:02:27","modified_gmt":"2023-01-12T09:02:27","slug":"stueckgut-deutschland-europa","status":"publish","type":"page","link":"https:\/\/borne-logistik.de\/fr\/unsere-leistungen\/stueckgut-deutschland-europa\/","title":{"rendered":"St\u00fcckgut Deutschland und Europa"},"content":{"rendered":"\n<h1 class=\"wp-block-heading\">PETIT LOT ALLEMAGNE ET EUROPE<\/h1>\n\n\n\n<h2 class=\"wp-block-heading\">System standardis\u00e9 \/ 24h<\/h2>\n\n\n\n<p>Comme partenaire des r\u00e9seaux ILN et DiALOG, nous acheminons tout type de vos exp\u00e9ditions en toute fiabilit\u00e9 dans un d\u00e9lai de 24h dans tout le territoire allemand.<br>Dans toute l&rsquo;Europe nous remettons vos exp\u00e9ditions au cours de 24 \u00e0 72h dans plus de 30 Etats europ\u00e9ens.<\/p>\n\n\n\n<h2 class=\"wp-block-heading\">Transparence compl\u00e8te<\/h2>\n\n\n\n<p>Gr\u00e2ce au scannage complet, vous pouvez poursuivre \u00e0 chaque moment sur notre portail en ligne le statut actuel de vos exp\u00e9ditions (Track &amp; Trace). Les preuves de livraison (POD) peuvent \u00eatre aussi appel\u00e9es \u00e0 tout moment en line (Live-POD).<\/p>\n\n\n\n<h3 class=\"wp-block-heading\">Services pour le domaine Food et Non-Food<\/h3>\n\n\n\n<div class=\"wp-block-rdts-blocks-akkordeon\">\n<div class=\"wp-block-rdts-blocks-collapsable\"><div class=\"header\"><button class=\"akkordeon-toggle\" aria-expanded=\"false\" aria-controls=\"section-Vg8vqx\" id=\"trigger-Vg8vqx\">PRIORITE<\/button><\/div><div id=\"section-Vg8vqx\" role=\"region\" aria-labelledby=\"trigger-Vg8vqx\" class=\"akkordeon-section\"><div class=\"section-content\">\n<p>Livraison le lendemain -jour ouvrable-<\/p>\n<\/div><\/div><\/div>\n\n\n\n<div class=\"wp-block-rdts-blocks-collapsable\"><div class=\"header\"><button class=\"akkordeon-toggle\" aria-expanded=\"false\" aria-controls=\"section-5ratBy\" id=\"trigger-5ratBy\">Overnight 08 \/ 10 \/ 12 h<\/button><\/div><div id=\"section-5ratBy\" role=\"region\" aria-labelledby=\"trigger-5ratBy\" class=\"akkordeon-section\"><div class=\"section-content\">\n<p>Livraison le lendemain jusqu\u2019\u00e0 08h \/ 10h \/ 12h \u2013jour ouvrable-<\/p>\n<\/div><\/div><\/div>\n\n\n\n<div class=\"wp-block-rdts-blocks-collapsable\"><div class=\"header\"><button class=\"akkordeon-toggle\" aria-expanded=\"false\" aria-controls=\"section-4feaKh\" id=\"trigger-4feaKh\">Timed<\/button><\/div><div id=\"section-4feaKh\" role=\"region\" aria-labelledby=\"trigger-4feaKh\" class=\"akkordeon-section\"><div class=\"section-content\">\n<p>Livraison \u00e0 une heure fixe<\/p>\n<\/div><\/div><\/div>\n\n\n\n<div class=\"wp-block-rdts-blocks-collapsable\"><div class=\"header\"><button class=\"akkordeon-toggle\" aria-expanded=\"false\" aria-controls=\"section-eAsOBP\" id=\"trigger-eAsOBP\">RENDEZ-VOUS FIXE<\/button><\/div><div id=\"section-eAsOBP\" role=\"region\" aria-labelledby=\"trigger-eAsOBP\" class=\"akkordeon-section\"><div class=\"section-content\">\n<p>Livraison \u00e0 un jour fixe<\/p>\n<\/div><\/div><\/div>\n\n\n\n<div class=\"wp-block-rdts-blocks-collapsable\"><div class=\"header\"><button class=\"akkordeon-toggle\" aria-expanded=\"false\" aria-controls=\"section-QHBoaw\" id=\"trigger-QHBoaw\">Avis<\/button><\/div><div id=\"section-QHBoaw\" role=\"region\" aria-labelledby=\"trigger-QHBoaw\" class=\"akkordeon-section\"><div class=\"section-content\">\n<p>Prise de RV par nous m\u00eame chez le destinataire<\/p>\n<\/div><\/div><\/div>\n\n\n\n<div class=\"wp-block-rdts-blocks-collapsable\"><div class=\"header\"><button class=\"akkordeon-toggle\" aria-expanded=\"false\" aria-controls=\"section-XIz34p\" id=\"trigger-XIz34p\">AVIS DE CONDUCTEUR<\/button><\/div><div id=\"section-XIz34p\" role=\"region\" aria-labelledby=\"trigger-XIz34p\" class=\"akkordeon-section\"><div class=\"section-content\">\n<p>Information du destinataire 1 heure avant la livraison<\/p>\n<\/div><\/div><\/div>\n\n\n\n<div class=\"wp-block-rdts-blocks-collapsable\"><div class=\"header\"><button class=\"akkordeon-toggle\" aria-expanded=\"false\" aria-controls=\"section-y9GliN\" id=\"trigger-y9GliN\">MATI\u00c8RE DANGEREUSE \/ ADR<\/button><\/div><div id=\"section-y9GliN\" role=\"region\" aria-labelledby=\"trigger-y9GliN\" class=\"akkordeon-section\"><div class=\"section-content\">\n<p>Transport des marchandises dangereuses<\/p>\n<\/div><\/div><\/div>\n\n\n\n<div class=\"wp-block-rdts-blocks-collapsable\"><div class=\"header\"><button class=\"akkordeon-toggle\" aria-expanded=\"false\" aria-controls=\"section-qLDZOc\" id=\"trigger-qLDZOc\">TEMPERATURE CONTR\u00d4LEE<\/button><\/div><div id=\"section-qLDZOc\" role=\"region\" aria-labelledby=\"trigger-qLDZOc\" class=\"akkordeon-section\"><div class=\"section-content\">\n<p>Transport des marchandises avec temp\u00e9rature contr\u00f4l\u00e9e (de 18 \u00e0 22 \u00b0C)<\/p>\n<\/div><\/div><\/div>\n\n\n\n<div class=\"wp-block-rdts-blocks-collapsable\"><div class=\"header\"><button class=\"akkordeon-toggle\" aria-expanded=\"false\" aria-controls=\"section-WcbGQn\" id=\"trigger-WcbGQn\">COD (Cash on Delivery)<\/button><\/div><div id=\"section-WcbGQn\" role=\"region\" aria-labelledby=\"trigger-WcbGQn\" class=\"akkordeon-section\"><div class=\"section-content\">\n<p>Jusqu\u2019\u00e0 2.500,00 \u20ac Valeur de marchandise<\/p>\n<\/div><\/div><\/div>\n\n\n\n<div class=\"wp-block-rdts-blocks-collapsable\"><div class=\"header\"><button class=\"akkordeon-toggle\" aria-expanded=\"false\" aria-controls=\"section-DfqHz5\" id=\"trigger-DfqHz5\">Livraison sur lieu d&rsquo;utilisation<\/button><\/div><div id=\"section-DfqHz5\" role=\"region\" aria-labelledby=\"trigger-DfqHz5\" class=\"akkordeon-section\"><div class=\"section-content\">\n<p>Livraison sur lieu d\u2019utilisation<\/p>\n<\/div><\/div><\/div>\n\n\n\n<div class=\"wp-block-rdts-blocks-collapsable\"><div class=\"header\"><button class=\"akkordeon-toggle\" aria-expanded=\"false\" aria-controls=\"section-KcLYZy\" id=\"trigger-KcLYZy\">SERVICE D\u2019\u00c9CHANGE<\/button><\/div><div id=\"section-KcLYZy\" role=\"region\" aria-labelledby=\"trigger-KcLYZy\" class=\"akkordeon-section\"><div class=\"section-content\">\n<p>Echange des marchandises lors de remise<\/p>\n<\/div><\/div><\/div>\n\n\n\n<div class=\"wp-block-rdts-blocks-collapsable\"><div class=\"header\"><button class=\"akkordeon-toggle\" aria-expanded=\"false\" aria-controls=\"section-BbnfzB\" id=\"trigger-BbnfzB\">R\u00c9C\u00c9PISS\u00c9 ORIGINAL<\/button><\/div><div id=\"section-BbnfzB\" role=\"region\" aria-labelledby=\"trigger-BbnfzB\" class=\"akkordeon-section\"><div class=\"section-content\">\n<p>Quittance d\u2019exp\u00e9dition et de r\u00e9ception avec ses documents<\/p>\n<\/div><\/div><\/div>\n\n\n\n<div class=\"wp-block-rdts-blocks-collapsable\"><div class=\"header\"><button class=\"akkordeon-toggle\" aria-expanded=\"false\" aria-controls=\"section-0nE2zB\" id=\"trigger-0nE2zB\">FORMALIT\u00c9 DE LA DOUANE<\/button><\/div><div id=\"section-0nE2zB\" role=\"region\" aria-labelledby=\"trigger-0nE2zB\" class=\"akkordeon-section\"><div class=\"section-content\">\n<p>Elaboration de la d\u00e9claration d\u2019exportation<\/p>\n<\/div><\/div><\/div>\n\n\n\n<div class=\"wp-block-rdts-blocks-collapsable\"><div class=\"header\"><button class=\"akkordeon-toggle\" aria-expanded=\"false\" aria-controls=\"section-NGlnXy\" id=\"trigger-NGlnXy\">APPROVISIONNEMENT<\/button><\/div><div id=\"section-NGlnXy\" role=\"region\" aria-labelledby=\"trigger-NGlnXy\" class=\"akkordeon-section\"><div class=\"section-content\">\n<p>Prise en charge de vos commandes chez vos fournisseurs pour toute l\u2019Europe et la livraison ponctuelle \u00e0 votre entrep\u00f4t<\/p>\n<\/div><\/div><\/div>\n<\/div>\n","protected":false},"excerpt":{"rendered":"<p>PETIT LOT ALLEMAGNE ET EUROPE System standardis\u00e9 \/ 24h Comme partenaire des r\u00e9seaux ILN et DiALOG, nous acheminons tout type de vos exp\u00e9ditions en toute fiabilit\u00e9 dans un d\u00e9lai de 24h dans tout le territoire allemand.Dans toute l&rsquo;Europe nous remettons vos exp\u00e9ditions au cours de 24 \u00e0 72h dans plus de 30 Etats europ\u00e9ens. Transparence [&hellip;]<\/p>\n","protected":false},"author":4,"featured_media":0,"parent":2752,"menu_order":68,"comment_status":"closed","ping_status":"closed","template":"","meta":{"_acf_changed":false,"footnotes":""},"class_list":["post-2678","page","type-page","status-publish","hentry"],"acf":[],"yoast_head":"<!-- This site is optimized with the Yoast SEO plugin v27.4 - https:\/\/yoast.com\/product\/yoast-seo-wordpress\/ -->\n<title>St\u00fcckgut Deutschland und Europa | Borne Logistik und Spedition<\/title>\n<meta name=\"description\" content=\"St\u00fcckgut Deutschland und Europa24 Stunden als SystemstandardAls Partner der Netzwerke ILN und DIALOG stellen wir Ihre Sendungen mit einer Regellaufzeit von\" \/>\n<meta name=\"robots\" content=\"index, follow, max-snippet:-1, max-image-preview:large, max-video-preview:-1\" \/>\n<link rel=\"canonical\" href=\"https:\/\/borne-logistik.de\/fr\/unsere-leistungen\/stueckgut-deutschland-europa\/\" \/>\n<meta property=\"og:locale\" content=\"fr_FR\" \/>\n<meta property=\"og:type\" content=\"article\" \/>\n<meta property=\"og:title\" content=\"St\u00fcckgut Deutschland und Europa | Borne Logistik und Spedition\" \/>\n<meta property=\"og:description\" content=\"St\u00fcckgut Deutschland und Europa24 Stunden als SystemstandardAls Partner der Netzwerke ILN und DIALOG stellen wir Ihre Sendungen mit einer Regellaufzeit von\" \/>\n<meta property=\"og:url\" content=\"https:\/\/borne-logistik.de\/fr\/unsere-leistungen\/stueckgut-deutschland-europa\/\" \/>\n<meta property=\"og:site_name\" content=\"Borne Logistik\" \/>\n<meta property=\"article:modified_time\" content=\"2023-01-12T09:02:27+00:00\" \/>\n<meta name=\"twitter:label1\" content=\"Dur\u00e9e de lecture estim\u00e9e\" \/>\n\t<meta name=\"twitter:data1\" content=\"2 minutes\" \/>\n<script type=\"application\/ld+json\" class=\"yoast-schema-graph\">{\"@context\":\"https:\\\/\\\/schema.org\",\"@graph\":[{\"@type\":\"WebPage\",\"@id\":\"https:\\\/\\\/borne-logistik.de\\\/fr\\\/unsere-leistungen\\\/stueckgut-deutschland-europa\\\/\",\"url\":\"https:\\\/\\\/borne-logistik.de\\\/fr\\\/unsere-leistungen\\\/stueckgut-deutschland-europa\\\/\",\"name\":\"St\u00fcckgut Deutschland und Europa | Borne Logistik und Spedition\",\"isPartOf\":{\"@id\":\"https:\\\/\\\/borne-logistik.de\\\/#website\"},\"datePublished\":\"2015-07-29T13:44:40+00:00\",\"dateModified\":\"2023-01-12T09:02:27+00:00\",\"description\":\"St\u00fcckgut Deutschland und Europa24 Stunden als SystemstandardAls Partner der Netzwerke ILN und DIALOG stellen wir Ihre Sendungen mit einer Regellaufzeit von\",\"breadcrumb\":{\"@id\":\"https:\\\/\\\/borne-logistik.de\\\/fr\\\/unsere-leistungen\\\/stueckgut-deutschland-europa\\\/#breadcrumb\"},\"inLanguage\":\"fr-FR\",\"potentialAction\":[{\"@type\":\"ReadAction\",\"target\":[\"https:\\\/\\\/borne-logistik.de\\\/fr\\\/unsere-leistungen\\\/stueckgut-deutschland-europa\\\/\"]}]},{\"@type\":\"BreadcrumbList\",\"@id\":\"https:\\\/\\\/borne-logistik.de\\\/fr\\\/unsere-leistungen\\\/stueckgut-deutschland-europa\\\/#breadcrumb\",\"itemListElement\":[{\"@type\":\"ListItem\",\"position\":1,\"name\":\"Start\",\"item\":\"https:\\\/\\\/borne-logistik.de\\\/fr\\\/kontakt\\\/\"},{\"@type\":\"ListItem\",\"position\":2,\"name\":\"Unsere Leistungen\",\"item\":\"https:\\\/\\\/borne-logistik.de\\\/fr\\\/unsere-leistungen\\\/\"},{\"@type\":\"ListItem\",\"position\":3,\"name\":\"St\u00fcckgut Deutschland und Europa\"}]},{\"@type\":\"WebSite\",\"@id\":\"https:\\\/\\\/borne-logistik.de\\\/#website\",\"url\":\"https:\\\/\\\/borne-logistik.de\\\/\",\"name\":\"Borne Logistik\",\"description\":\"\",\"publisher\":{\"@id\":\"https:\\\/\\\/borne-logistik.de\\\/#organization\"},\"potentialAction\":[{\"@type\":\"SearchAction\",\"target\":{\"@type\":\"EntryPoint\",\"urlTemplate\":\"https:\\\/\\\/borne-logistik.de\\\/?s={search_term_string}\"},\"query-input\":{\"@type\":\"PropertyValueSpecification\",\"valueRequired\":true,\"valueName\":\"search_term_string\"}}],\"inLanguage\":\"fr-FR\"},{\"@type\":\"Organization\",\"@id\":\"https:\\\/\\\/borne-logistik.de\\\/#organization\",\"name\":\"Borne Logistik\",\"url\":\"https:\\\/\\\/borne-logistik.de\\\/\",\"logo\":{\"@type\":\"ImageObject\",\"inLanguage\":\"fr-FR\",\"@id\":\"https:\\\/\\\/borne-logistik.de\\\/#\\\/schema\\\/logo\\\/image\\\/\",\"url\":\"https:\\\/\\\/borne-logistik.de\\\/wp-content\\\/uploads\\\/Logo_Borne_Logistik_rgb.svg\",\"contentUrl\":\"https:\\\/\\\/borne-logistik.de\\\/wp-content\\\/uploads\\\/Logo_Borne_Logistik_rgb.svg\",\"caption\":\"Borne Logistik\"},\"image\":{\"@id\":\"https:\\\/\\\/borne-logistik.de\\\/#\\\/schema\\\/logo\\\/image\\\/\"}}]}<\/script>\n<!-- \/ Yoast SEO plugin. -->","yoast_head_json":{"title":"St\u00fcckgut Deutschland und Europa | Borne Logistik und Spedition","description":"St\u00fcckgut Deutschland und Europa24 Stunden als SystemstandardAls Partner der Netzwerke ILN und DIALOG stellen wir Ihre Sendungen mit einer Regellaufzeit von","robots":{"index":"index","follow":"follow","max-snippet":"max-snippet:-1","max-image-preview":"max-image-preview:large","max-video-preview":"max-video-preview:-1"},"canonical":"https:\/\/borne-logistik.de\/fr\/unsere-leistungen\/stueckgut-deutschland-europa\/","og_locale":"fr_FR","og_type":"article","og_title":"St\u00fcckgut Deutschland und Europa | Borne Logistik und Spedition","og_description":"St\u00fcckgut Deutschland und Europa24 Stunden als SystemstandardAls Partner der Netzwerke ILN und DIALOG stellen wir Ihre Sendungen mit einer Regellaufzeit von","og_url":"https:\/\/borne-logistik.de\/fr\/unsere-leistungen\/stueckgut-deutschland-europa\/","og_site_name":"Borne Logistik","article_modified_time":"2023-01-12T09:02:27+00:00","twitter_misc":{"Dur\u00e9e de lecture estim\u00e9e":"2 minutes"},"schema":{"@context":"https:\/\/schema.org","@graph":[{"@type":"WebPage","@id":"https:\/\/borne-logistik.de\/fr\/unsere-leistungen\/stueckgut-deutschland-europa\/","url":"https:\/\/borne-logistik.de\/fr\/unsere-leistungen\/stueckgut-deutschland-europa\/","name":"St\u00fcckgut Deutschland und Europa | Borne Logistik und Spedition","isPartOf":{"@id":"https:\/\/borne-logistik.de\/#website"},"datePublished":"2015-07-29T13:44:40+00:00","dateModified":"2023-01-12T09:02:27+00:00","description":"St\u00fcckgut Deutschland und Europa24 Stunden als SystemstandardAls Partner der Netzwerke ILN und DIALOG stellen wir Ihre Sendungen mit einer Regellaufzeit von","breadcrumb":{"@id":"https:\/\/borne-logistik.de\/fr\/unsere-leistungen\/stueckgut-deutschland-europa\/#breadcrumb"},"inLanguage":"fr-FR","potentialAction":[{"@type":"ReadAction","target":["https:\/\/borne-logistik.de\/fr\/unsere-leistungen\/stueckgut-deutschland-europa\/"]}]},{"@type":"BreadcrumbList","@id":"https:\/\/borne-logistik.de\/fr\/unsere-leistungen\/stueckgut-deutschland-europa\/#breadcrumb","itemListElement":[{"@type":"ListItem","position":1,"name":"Start","item":"https:\/\/borne-logistik.de\/fr\/kontakt\/"},{"@type":"ListItem","position":2,"name":"Unsere Leistungen","item":"https:\/\/borne-logistik.de\/fr\/unsere-leistungen\/"},{"@type":"ListItem","position":3,"name":"St\u00fcckgut Deutschland und Europa"}]},{"@type":"WebSite","@id":"https:\/\/borne-logistik.de\/#website","url":"https:\/\/borne-logistik.de\/","name":"Borne Logistik","description":"","publisher":{"@id":"https:\/\/borne-logistik.de\/#organization"},"potentialAction":[{"@type":"SearchAction","target":{"@type":"EntryPoint","urlTemplate":"https:\/\/borne-logistik.de\/?s={search_term_string}"},"query-input":{"@type":"PropertyValueSpecification","valueRequired":true,"valueName":"search_term_string"}}],"inLanguage":"fr-FR"},{"@type":"Organization","@id":"https:\/\/borne-logistik.de\/#organization","name":"Borne Logistik","url":"https:\/\/borne-logistik.de\/","logo":{"@type":"ImageObject","inLanguage":"fr-FR","@id":"https:\/\/borne-logistik.de\/#\/schema\/logo\/image\/","url":"https:\/\/borne-logistik.de\/wp-content\/uploads\/Logo_Borne_Logistik_rgb.svg","contentUrl":"https:\/\/borne-logistik.de\/wp-content\/uploads\/Logo_Borne_Logistik_rgb.svg","caption":"Borne Logistik"},"image":{"@id":"https:\/\/borne-logistik.de\/#\/schema\/logo\/image\/"}}]}},"_links":{"self":[{"href":"https:\/\/borne-logistik.de\/fr\/wp-json\/wp\/v2\/pages\/2678","targetHints":{"allow":["GET"]}}],"collection":[{"href":"https:\/\/borne-logistik.de\/fr\/wp-json\/wp\/v2\/pages"}],"about":[{"href":"https:\/\/borne-logistik.de\/fr\/wp-json\/wp\/v2\/types\/page"}],"author":[{"embeddable":true,"href":"https:\/\/borne-logistik.de\/fr\/wp-json\/wp\/v2\/users\/4"}],"replies":[{"embeddable":true,"href":"https:\/\/borne-logistik.de\/fr\/wp-json\/wp\/v2\/comments?post=2678"}],"version-history":[{"count":13,"href":"https:\/\/borne-logistik.de\/fr\/wp-json\/wp\/v2\/pages\/2678\/revisions"}],"predecessor-version":[{"id":5017,"href":"https:\/\/borne-logistik.de\/fr\/wp-json\/wp\/v2\/pages\/2678\/revisions\/5017"}],"up":[{"embeddable":true,"href":"https:\/\/borne-logistik.de\/fr\/wp-json\/wp\/v2\/pages\/2752"}],"wp:attachment":[{"href":"https:\/\/borne-logistik.de\/fr\/wp-json\/wp\/v2\/media?parent=2678"}],"curies":[{"name":"wp","href":"https:\/\/api.w.org\/{rel}","templated":true}]}}