{"id":2680,"date":"2015-07-29T15:43:48","date_gmt":"2015-07-29T13:43:48","guid":{"rendered":"https:\/\/borne-logistik.de\/teil-und-komplettladungen-2\/"},"modified":"2023-01-12T09:58:38","modified_gmt":"2023-01-12T08:58:38","slug":"teil-und-komplettladungen","status":"publish","type":"page","link":"https:\/\/borne-logistik.de\/fr\/unsere-leistungen\/teil-und-komplettladungen\/","title":{"rendered":"Teil- und Komplettladungen"},"content":{"rendered":"\n<h1 class=\"wp-block-heading\">LOT PARTIEL ET COMPLET<\/h1>\n\n\n\n<h2 class=\"wp-block-heading\">Nous misons sur notre propre v\u00e9hicule<\/h2>\n\n\n\n<p>Notre parc de camion moderne nous donne une \u00e9norme souplesse, ce qui nous permet de vous offrir des solutions personnalis\u00e9es pour vos demandes.<\/p>\n\n\n\n<p>Avec l\u2019impl\u00e9mentation des nouvelles technologies d\u2019information et de communication, nous assurons la livraison s\u00fbre et ponctuelle de vos marchandises chez vos clients.<\/p>\n\n\n\n<p>La construction de v\u00e9hicules est certifi\u00e9e selon le certificat de protection de charge EN12642 Code XL, nos camions sont \u00e9galement \u00e9quip\u00e9es pour le transport d\u2019ADR.<\/p>\n\n\n\n<div class=\"wp-block-rdts-blocks-slider\"><div class=\"splide\" data-splide=\"{&quot;type&quot;:&quot;fade&quot;,&quot;perMove&quot;:1,&quot;gap&quot;:&quot;calc(2 * var(--wp--style--block-gap))&quot;,&quot;arrows&quot;:true,&quot;pagination&quot;:false, &quot;rewind&quot;:true}\"><div class=\"scale\"><\/div><div class=\"splide__track\"><div class=\"splide__list\">\n<div href=\"http:\/\/borne-logistik.de\/wp-content\/uploads\/DSC02363-e1438936126832.jpg\" class=\"wp-block-rdts-blocks-splide-slide splide__slide\"><a href=\"http:\/\/borne-logistik.de\/wp-content\/uploads\/DSC02363-e1438936126832.jpg\" title=\"\"><img loading=\"lazy\" decoding=\"async\" class=\"slide-img image-id-3835\" src=\"http:\/\/borne-logistik.de\/wp-content\/uploads\/DSC02363-e1438936126832.jpg\" width=\"1500\" height=\"999\" alt=\"\"\/><\/a><\/div>\n\n\n\n<div href=\"http:\/\/borne-logistik.de\/wp-content\/uploads\/DSC02415-e1438322131355.jpg\" class=\"wp-block-rdts-blocks-splide-slide splide__slide\"><a href=\"http:\/\/borne-logistik.de\/wp-content\/uploads\/DSC02415-e1438322131355.jpg\" title=\"...und erf\u00fcllen mindestens die Euro 5 - Norm \"><img loading=\"lazy\" decoding=\"async\" class=\"slide-img image-id-3729\" src=\"http:\/\/borne-logistik.de\/wp-content\/uploads\/DSC02415-e1438322131355.jpg\" width=\"1383\" height=\"918\" alt=\"\"\/><div class=\"title\">&#8230;und erf\u00fcllen mindestens die Euro 5 &#8211; Norm <\/div><\/a><\/div>\n\n\n\n<div href=\"http:\/\/borne-logistik.de\/wp-content\/uploads\/DSC02394-e1438321763281.jpg\" class=\"wp-block-rdts-blocks-splide-slide splide__slide\"><a href=\"http:\/\/borne-logistik.de\/wp-content\/uploads\/DSC02394-e1438321763281.jpg\" title=\"Alle Fahrzeugaufbauten sind nach Ladungssicherungszertifikat EN12642 Code XL zertifiziert.\"><img loading=\"lazy\" decoding=\"async\" class=\"slide-img image-id-3727\" src=\"http:\/\/borne-logistik.de\/wp-content\/uploads\/DSC02394-e1438321763281.jpg\" width=\"1500\" height=\"999\" alt=\"\"\/><div class=\"title\">Alle Fahrzeugaufbauten sind nach Ladungssicherungszertifikat EN12642 Code XL zertifiziert.<\/div><\/a><\/div>\n<\/div><\/div><\/div><\/div>\n","protected":false},"excerpt":{"rendered":"<p>LOT PARTIEL ET COMPLET Nous misons sur notre propre v\u00e9hicule Notre parc de camion moderne nous donne une \u00e9norme souplesse, ce qui nous permet de vous offrir des solutions personnalis\u00e9es pour vos demandes. Avec l\u2019impl\u00e9mentation des nouvelles technologies d\u2019information et de communication, nous assurons la livraison s\u00fbre et ponctuelle de vos marchandises chez vos clients. [&hellip;]<\/p>\n","protected":false},"author":4,"featured_media":0,"parent":2752,"menu_order":62,"comment_status":"closed","ping_status":"closed","template":"","meta":{"_acf_changed":false,"footnotes":""},"class_list":["post-2680","page","type-page","status-publish","hentry"],"acf":[],"yoast_head":"<!-- This site is optimized with the Yoast SEO plugin v27.4 - https:\/\/yoast.com\/product\/yoast-seo-wordpress\/ -->\n<title>Teil- und Komplettladungen | Borne Logistik und Spedition<\/title>\n<meta name=\"description\" content=\"Borne Logistik aus Trierweiler, Ihre Spedition f\u00fcr Teil- und Komplettladungen, St\u00fcckgut, Transporte von und nach Frankreich in der Region Trier. Wir sind Mitglied der Netzwerke ASTRE paletsystem, ILN und DiALOG.\" \/>\n<meta name=\"robots\" content=\"index, follow, max-snippet:-1, max-image-preview:large, max-video-preview:-1\" \/>\n<link rel=\"canonical\" href=\"https:\/\/borne-logistik.de\/fr\/unsere-leistungen\/teil-und-komplettladungen\/\" \/>\n<meta property=\"og:locale\" content=\"fr_FR\" \/>\n<meta property=\"og:type\" content=\"article\" \/>\n<meta property=\"og:title\" content=\"Teil- und Komplettladungen | Borne Logistik und Spedition\" \/>\n<meta property=\"og:description\" content=\"Borne Logistik aus Trierweiler, Ihre Spedition f\u00fcr Teil- und Komplettladungen, St\u00fcckgut, Transporte von und nach Frankreich in der Region Trier. Wir sind Mitglied der Netzwerke ASTRE paletsystem, ILN und DiALOG.\" \/>\n<meta property=\"og:url\" content=\"https:\/\/borne-logistik.de\/fr\/unsere-leistungen\/teil-und-komplettladungen\/\" \/>\n<meta property=\"og:site_name\" content=\"Borne Logistik\" \/>\n<meta property=\"article:modified_time\" content=\"2023-01-12T08:58:38+00:00\" \/>\n<meta property=\"og:image\" content=\"http:\/\/borne-logistik.de\/wp-content\/uploads\/DSC02363-e1438936126832.jpg\" \/>\n<meta name=\"twitter:label1\" content=\"Dur\u00e9e de lecture estim\u00e9e\" \/>\n\t<meta name=\"twitter:data1\" content=\"2 minutes\" \/>\n<script type=\"application\/ld+json\" class=\"yoast-schema-graph\">{\"@context\":\"https:\\\/\\\/schema.org\",\"@graph\":[{\"@type\":\"WebPage\",\"@id\":\"https:\\\/\\\/borne-logistik.de\\\/fr\\\/unsere-leistungen\\\/teil-und-komplettladungen\\\/\",\"url\":\"https:\\\/\\\/borne-logistik.de\\\/fr\\\/unsere-leistungen\\\/teil-und-komplettladungen\\\/\",\"name\":\"Teil- und Komplettladungen | Borne Logistik und Spedition\",\"isPartOf\":{\"@id\":\"https:\\\/\\\/borne-logistik.de\\\/#website\"},\"primaryImageOfPage\":{\"@id\":\"https:\\\/\\\/borne-logistik.de\\\/fr\\\/unsere-leistungen\\\/teil-und-komplettladungen\\\/#primaryimage\"},\"image\":{\"@id\":\"https:\\\/\\\/borne-logistik.de\\\/fr\\\/unsere-leistungen\\\/teil-und-komplettladungen\\\/#primaryimage\"},\"thumbnailUrl\":\"http:\\\/\\\/borne-logistik.de\\\/wp-content\\\/uploads\\\/DSC02363-e1438936126832.jpg\",\"datePublished\":\"2015-07-29T13:43:48+00:00\",\"dateModified\":\"2023-01-12T08:58:38+00:00\",\"description\":\"Borne Logistik aus Trierweiler, Ihre Spedition f\u00fcr Teil- und Komplettladungen, St\u00fcckgut, Transporte von und nach Frankreich in der Region Trier. Wir sind Mitglied der Netzwerke ASTRE paletsystem, ILN und DiALOG.\",\"breadcrumb\":{\"@id\":\"https:\\\/\\\/borne-logistik.de\\\/fr\\\/unsere-leistungen\\\/teil-und-komplettladungen\\\/#breadcrumb\"},\"inLanguage\":\"fr-FR\",\"potentialAction\":[{\"@type\":\"ReadAction\",\"target\":[\"https:\\\/\\\/borne-logistik.de\\\/fr\\\/unsere-leistungen\\\/teil-und-komplettladungen\\\/\"]}]},{\"@type\":\"ImageObject\",\"inLanguage\":\"fr-FR\",\"@id\":\"https:\\\/\\\/borne-logistik.de\\\/fr\\\/unsere-leistungen\\\/teil-und-komplettladungen\\\/#primaryimage\",\"url\":\"http:\\\/\\\/borne-logistik.de\\\/wp-content\\\/uploads\\\/DSC02363-e1438936126832.jpg\",\"contentUrl\":\"http:\\\/\\\/borne-logistik.de\\\/wp-content\\\/uploads\\\/DSC02363-e1438936126832.jpg\"},{\"@type\":\"BreadcrumbList\",\"@id\":\"https:\\\/\\\/borne-logistik.de\\\/fr\\\/unsere-leistungen\\\/teil-und-komplettladungen\\\/#breadcrumb\",\"itemListElement\":[{\"@type\":\"ListItem\",\"position\":1,\"name\":\"Start\",\"item\":\"https:\\\/\\\/borne-logistik.de\\\/fr\\\/kontakt\\\/\"},{\"@type\":\"ListItem\",\"position\":2,\"name\":\"Unsere Leistungen\",\"item\":\"https:\\\/\\\/borne-logistik.de\\\/fr\\\/unsere-leistungen\\\/\"},{\"@type\":\"ListItem\",\"position\":3,\"name\":\"Teil- und Komplettladungen\"}]},{\"@type\":\"WebSite\",\"@id\":\"https:\\\/\\\/borne-logistik.de\\\/#website\",\"url\":\"https:\\\/\\\/borne-logistik.de\\\/\",\"name\":\"Borne Logistik\",\"description\":\"\",\"publisher\":{\"@id\":\"https:\\\/\\\/borne-logistik.de\\\/#organization\"},\"potentialAction\":[{\"@type\":\"SearchAction\",\"target\":{\"@type\":\"EntryPoint\",\"urlTemplate\":\"https:\\\/\\\/borne-logistik.de\\\/?s={search_term_string}\"},\"query-input\":{\"@type\":\"PropertyValueSpecification\",\"valueRequired\":true,\"valueName\":\"search_term_string\"}}],\"inLanguage\":\"fr-FR\"},{\"@type\":\"Organization\",\"@id\":\"https:\\\/\\\/borne-logistik.de\\\/#organization\",\"name\":\"Borne Logistik\",\"url\":\"https:\\\/\\\/borne-logistik.de\\\/\",\"logo\":{\"@type\":\"ImageObject\",\"inLanguage\":\"fr-FR\",\"@id\":\"https:\\\/\\\/borne-logistik.de\\\/#\\\/schema\\\/logo\\\/image\\\/\",\"url\":\"https:\\\/\\\/borne-logistik.de\\\/wp-content\\\/uploads\\\/Logo_Borne_Logistik_rgb.svg\",\"contentUrl\":\"https:\\\/\\\/borne-logistik.de\\\/wp-content\\\/uploads\\\/Logo_Borne_Logistik_rgb.svg\",\"caption\":\"Borne Logistik\"},\"image\":{\"@id\":\"https:\\\/\\\/borne-logistik.de\\\/#\\\/schema\\\/logo\\\/image\\\/\"}}]}<\/script>\n<!-- \/ Yoast SEO plugin. -->","yoast_head_json":{"title":"Teil- und Komplettladungen | Borne Logistik und Spedition","description":"Borne Logistik aus Trierweiler, Ihre Spedition f\u00fcr Teil- und Komplettladungen, St\u00fcckgut, Transporte von und nach Frankreich in der Region Trier. Wir sind Mitglied der Netzwerke ASTRE paletsystem, ILN und DiALOG.","robots":{"index":"index","follow":"follow","max-snippet":"max-snippet:-1","max-image-preview":"max-image-preview:large","max-video-preview":"max-video-preview:-1"},"canonical":"https:\/\/borne-logistik.de\/fr\/unsere-leistungen\/teil-und-komplettladungen\/","og_locale":"fr_FR","og_type":"article","og_title":"Teil- und Komplettladungen | Borne Logistik und Spedition","og_description":"Borne Logistik aus Trierweiler, Ihre Spedition f\u00fcr Teil- und Komplettladungen, St\u00fcckgut, Transporte von und nach Frankreich in der Region Trier. Wir sind Mitglied der Netzwerke ASTRE paletsystem, ILN und DiALOG.","og_url":"https:\/\/borne-logistik.de\/fr\/unsere-leistungen\/teil-und-komplettladungen\/","og_site_name":"Borne Logistik","article_modified_time":"2023-01-12T08:58:38+00:00","og_image":[{"url":"http:\/\/borne-logistik.de\/wp-content\/uploads\/DSC02363-e1438936126832.jpg","type":"","width":"","height":""}],"twitter_misc":{"Dur\u00e9e de lecture estim\u00e9e":"2 minutes"},"schema":{"@context":"https:\/\/schema.org","@graph":[{"@type":"WebPage","@id":"https:\/\/borne-logistik.de\/fr\/unsere-leistungen\/teil-und-komplettladungen\/","url":"https:\/\/borne-logistik.de\/fr\/unsere-leistungen\/teil-und-komplettladungen\/","name":"Teil- und Komplettladungen | Borne Logistik und Spedition","isPartOf":{"@id":"https:\/\/borne-logistik.de\/#website"},"primaryImageOfPage":{"@id":"https:\/\/borne-logistik.de\/fr\/unsere-leistungen\/teil-und-komplettladungen\/#primaryimage"},"image":{"@id":"https:\/\/borne-logistik.de\/fr\/unsere-leistungen\/teil-und-komplettladungen\/#primaryimage"},"thumbnailUrl":"http:\/\/borne-logistik.de\/wp-content\/uploads\/DSC02363-e1438936126832.jpg","datePublished":"2015-07-29T13:43:48+00:00","dateModified":"2023-01-12T08:58:38+00:00","description":"Borne Logistik aus Trierweiler, Ihre Spedition f\u00fcr Teil- und Komplettladungen, St\u00fcckgut, Transporte von und nach Frankreich in der Region Trier. Wir sind Mitglied der Netzwerke ASTRE paletsystem, ILN und DiALOG.","breadcrumb":{"@id":"https:\/\/borne-logistik.de\/fr\/unsere-leistungen\/teil-und-komplettladungen\/#breadcrumb"},"inLanguage":"fr-FR","potentialAction":[{"@type":"ReadAction","target":["https:\/\/borne-logistik.de\/fr\/unsere-leistungen\/teil-und-komplettladungen\/"]}]},{"@type":"ImageObject","inLanguage":"fr-FR","@id":"https:\/\/borne-logistik.de\/fr\/unsere-leistungen\/teil-und-komplettladungen\/#primaryimage","url":"http:\/\/borne-logistik.de\/wp-content\/uploads\/DSC02363-e1438936126832.jpg","contentUrl":"http:\/\/borne-logistik.de\/wp-content\/uploads\/DSC02363-e1438936126832.jpg"},{"@type":"BreadcrumbList","@id":"https:\/\/borne-logistik.de\/fr\/unsere-leistungen\/teil-und-komplettladungen\/#breadcrumb","itemListElement":[{"@type":"ListItem","position":1,"name":"Start","item":"https:\/\/borne-logistik.de\/fr\/kontakt\/"},{"@type":"ListItem","position":2,"name":"Unsere Leistungen","item":"https:\/\/borne-logistik.de\/fr\/unsere-leistungen\/"},{"@type":"ListItem","position":3,"name":"Teil- und Komplettladungen"}]},{"@type":"WebSite","@id":"https:\/\/borne-logistik.de\/#website","url":"https:\/\/borne-logistik.de\/","name":"Borne Logistik","description":"","publisher":{"@id":"https:\/\/borne-logistik.de\/#organization"},"potentialAction":[{"@type":"SearchAction","target":{"@type":"EntryPoint","urlTemplate":"https:\/\/borne-logistik.de\/?s={search_term_string}"},"query-input":{"@type":"PropertyValueSpecification","valueRequired":true,"valueName":"search_term_string"}}],"inLanguage":"fr-FR"},{"@type":"Organization","@id":"https:\/\/borne-logistik.de\/#organization","name":"Borne Logistik","url":"https:\/\/borne-logistik.de\/","logo":{"@type":"ImageObject","inLanguage":"fr-FR","@id":"https:\/\/borne-logistik.de\/#\/schema\/logo\/image\/","url":"https:\/\/borne-logistik.de\/wp-content\/uploads\/Logo_Borne_Logistik_rgb.svg","contentUrl":"https:\/\/borne-logistik.de\/wp-content\/uploads\/Logo_Borne_Logistik_rgb.svg","caption":"Borne Logistik"},"image":{"@id":"https:\/\/borne-logistik.de\/#\/schema\/logo\/image\/"}}]}},"_links":{"self":[{"href":"https:\/\/borne-logistik.de\/fr\/wp-json\/wp\/v2\/pages\/2680","targetHints":{"allow":["GET"]}}],"collection":[{"href":"https:\/\/borne-logistik.de\/fr\/wp-json\/wp\/v2\/pages"}],"about":[{"href":"https:\/\/borne-logistik.de\/fr\/wp-json\/wp\/v2\/types\/page"}],"author":[{"embeddable":true,"href":"https:\/\/borne-logistik.de\/fr\/wp-json\/wp\/v2\/users\/4"}],"replies":[{"embeddable":true,"href":"https:\/\/borne-logistik.de\/fr\/wp-json\/wp\/v2\/comments?post=2680"}],"version-history":[{"count":6,"href":"https:\/\/borne-logistik.de\/fr\/wp-json\/wp\/v2\/pages\/2680\/revisions"}],"predecessor-version":[{"id":5064,"href":"https:\/\/borne-logistik.de\/fr\/wp-json\/wp\/v2\/pages\/2680\/revisions\/5064"}],"up":[{"embeddable":true,"href":"https:\/\/borne-logistik.de\/fr\/wp-json\/wp\/v2\/pages\/2752"}],"wp:attachment":[{"href":"https:\/\/borne-logistik.de\/fr\/wp-json\/wp\/v2\/media?parent=2680"}],"curies":[{"name":"wp","href":"https:\/\/api.w.org\/{rel}","templated":true}]}}