{"id":2740,"date":"2014-10-22T11:49:59","date_gmt":"2014-10-22T09:49:59","guid":{"rendered":"https:\/\/borne-logistik.de\/impressum-2\/"},"modified":"2024-07-29T14:53:44","modified_gmt":"2024-07-29T12:53:44","slug":"impressum","status":"publish","type":"page","link":"https:\/\/borne-logistik.de\/fr\/impressum\/","title":{"rendered":"Impressum"},"content":{"rendered":"\n<h3 class=\"wp-block-heading\">Impressum<\/h3>\n\n\n\n<p>Borne Logistik und Speditionsgesellschaft mbH<br>Im Keitelsberg 8<br>54311 Trierweiler<\/p>\n\n\n\n<p>Telefon: +49 651 8106-02<br>Telefax: +49 651 8106-308<br>E-Mail: <a href=\"mailto:info@borne-logistik.de\" target=\"_blank\" rel=\"noreferrer noopener\">info@borne-logistik.de<\/a><\/p>\n\n\n\n<p>Inscrite au registre de commerce du tribunal de premi\u00e8re instance de Wittlich sous le num\u00e9ro HRB 2113<\/p>\n\n\n\n<p>USt.-ID-Nr.: DE 815072802<\/p>\n\n\n\n<h4 class=\"wp-block-heading\">Dirigeants:<\/h4>\n\n\n\n<p>Margret Borne-M\u00fcllerklein<br>Frank Borne<\/p>\n\n\n\n<h3 class=\"wp-block-heading\">Responsable du site:<\/h3>\n\n\n\n<p>Peter Sehnke, Directeur<\/p>\n\n\n\n<p>Toutes les informations et d\u00e9clarations figurant sur ce site internet sont sans engagement. Borne Logistik&nbsp; n\u2019assume aucune responsabilit\u00e9 pour l\u2019exactitude et l\u2019int\u00e9gralit\u00e9 des contenus. Il n\u2019est donn\u00e9 aucune garantie ni assurance de caract\u00e9ristiques de produits. Le contenu du site internet ne donne lieu \u00e0 aucune pr\u00e9tention d\u2019ordre juridique. Les \u00e9ventuelles erreurs de contenu seront corrig\u00e9es d\u00e8s que celles-ci seront connues. En raison d\u2019une actualisation diff\u00e9r\u00e9e, les contenus du site internet ne peuvent pas toujours \u00eatre actuels. Contactez-nous donc pour conna\u00eetre l\u2019\u00e9tat, les d\u00e9tails techniques et la livraison des produits et des services. Les liens vers d\u2019autres sites internet ne sont pas contr\u00f4l\u00e9s en permanence. Nous n\u2019assumons donc aucune responsabilit\u00e9 pour le contenu des pages ainsi li\u00e9es.<\/p>\n","protected":false},"excerpt":{"rendered":"<p>Impressum Borne Logistik und Speditionsgesellschaft mbHIm Keitelsberg 854311 Trierweiler Telefon: +49 651 8106-02Telefax: +49 651 8106-308E-Mail: info@borne-logistik.de Inscrite au registre de commerce du tribunal de premi\u00e8re instance de Wittlich sous le num\u00e9ro HRB 2113 USt.-ID-Nr.: DE 815072802 Dirigeants: Margret Borne-M\u00fcllerkleinFrank Borne Responsable du site: Peter Sehnke, Directeur Toutes les informations et d\u00e9clarations figurant sur ce [&hellip;]<\/p>\n","protected":false},"author":3,"featured_media":0,"parent":0,"menu_order":42,"comment_status":"closed","ping_status":"closed","template":"","meta":{"_acf_changed":false,"footnotes":""},"class_list":["post-2740","page","type-page","status-publish","hentry"],"acf":[],"yoast_head":"<!-- This site is optimized with the Yoast SEO plugin v27.4 - https:\/\/yoast.com\/product\/yoast-seo-wordpress\/ -->\n<title>Impressum - Borne Logistik<\/title>\n<meta name=\"description\" content=\"Borne Logistik aus Trierweiler, Ihre Spedition f\u00fcr Teil- und Komplettladungen, St\u00fcckgut, Transporte von und nach Frankreich in der Region Trier. Wir sind Mitglied der Netzwerke ASTRE paletsystem, ILN und DiALOG.\" \/>\n<meta name=\"robots\" content=\"index, follow, max-snippet:-1, max-image-preview:large, max-video-preview:-1\" \/>\n<link rel=\"canonical\" href=\"https:\/\/borne-logistik.de\/fr\/impressum\/\" \/>\n<meta property=\"og:locale\" content=\"fr_FR\" \/>\n<meta property=\"og:type\" content=\"article\" \/>\n<meta property=\"og:title\" content=\"Impressum - Borne Logistik\" \/>\n<meta property=\"og:description\" content=\"Borne Logistik aus Trierweiler, Ihre Spedition f\u00fcr Teil- und Komplettladungen, St\u00fcckgut, Transporte von und nach Frankreich in der Region Trier. Wir sind Mitglied der Netzwerke ASTRE paletsystem, ILN und DiALOG.\" \/>\n<meta property=\"og:url\" content=\"https:\/\/borne-logistik.de\/fr\/impressum\/\" \/>\n<meta property=\"og:site_name\" content=\"Borne Logistik\" \/>\n<meta property=\"article:modified_time\" content=\"2024-07-29T12:53:44+00:00\" \/>\n<meta name=\"twitter:label1\" content=\"Dur\u00e9e de lecture estim\u00e9e\" \/>\n\t<meta name=\"twitter:data1\" content=\"1 minute\" \/>\n<script type=\"application\/ld+json\" class=\"yoast-schema-graph\">{\"@context\":\"https:\\\/\\\/schema.org\",\"@graph\":[{\"@type\":\"WebPage\",\"@id\":\"https:\\\/\\\/borne-logistik.de\\\/fr\\\/impressum\\\/\",\"url\":\"https:\\\/\\\/borne-logistik.de\\\/fr\\\/impressum\\\/\",\"name\":\"Impressum - Borne Logistik\",\"isPartOf\":{\"@id\":\"https:\\\/\\\/borne-logistik.de\\\/#website\"},\"datePublished\":\"2014-10-22T09:49:59+00:00\",\"dateModified\":\"2024-07-29T12:53:44+00:00\",\"description\":\"Borne Logistik aus Trierweiler, Ihre Spedition f\u00fcr Teil- und Komplettladungen, St\u00fcckgut, Transporte von und nach Frankreich in der Region Trier. Wir sind Mitglied der Netzwerke ASTRE paletsystem, ILN und DiALOG.\",\"breadcrumb\":{\"@id\":\"https:\\\/\\\/borne-logistik.de\\\/fr\\\/impressum\\\/#breadcrumb\"},\"inLanguage\":\"fr-FR\",\"potentialAction\":[{\"@type\":\"ReadAction\",\"target\":[\"https:\\\/\\\/borne-logistik.de\\\/fr\\\/impressum\\\/\"]}]},{\"@type\":\"BreadcrumbList\",\"@id\":\"https:\\\/\\\/borne-logistik.de\\\/fr\\\/impressum\\\/#breadcrumb\",\"itemListElement\":[{\"@type\":\"ListItem\",\"position\":1,\"name\":\"Start\",\"item\":\"https:\\\/\\\/borne-logistik.de\\\/fr\\\/kontakt\\\/\"},{\"@type\":\"ListItem\",\"position\":2,\"name\":\"Impressum\"}]},{\"@type\":\"WebSite\",\"@id\":\"https:\\\/\\\/borne-logistik.de\\\/#website\",\"url\":\"https:\\\/\\\/borne-logistik.de\\\/\",\"name\":\"Borne Logistik\",\"description\":\"\",\"publisher\":{\"@id\":\"https:\\\/\\\/borne-logistik.de\\\/#organization\"},\"potentialAction\":[{\"@type\":\"SearchAction\",\"target\":{\"@type\":\"EntryPoint\",\"urlTemplate\":\"https:\\\/\\\/borne-logistik.de\\\/?s={search_term_string}\"},\"query-input\":{\"@type\":\"PropertyValueSpecification\",\"valueRequired\":true,\"valueName\":\"search_term_string\"}}],\"inLanguage\":\"fr-FR\"},{\"@type\":\"Organization\",\"@id\":\"https:\\\/\\\/borne-logistik.de\\\/#organization\",\"name\":\"Borne Logistik\",\"url\":\"https:\\\/\\\/borne-logistik.de\\\/\",\"logo\":{\"@type\":\"ImageObject\",\"inLanguage\":\"fr-FR\",\"@id\":\"https:\\\/\\\/borne-logistik.de\\\/#\\\/schema\\\/logo\\\/image\\\/\",\"url\":\"https:\\\/\\\/borne-logistik.de\\\/wp-content\\\/uploads\\\/Logo_Borne_Logistik_rgb.svg\",\"contentUrl\":\"https:\\\/\\\/borne-logistik.de\\\/wp-content\\\/uploads\\\/Logo_Borne_Logistik_rgb.svg\",\"caption\":\"Borne Logistik\"},\"image\":{\"@id\":\"https:\\\/\\\/borne-logistik.de\\\/#\\\/schema\\\/logo\\\/image\\\/\"}}]}<\/script>\n<!-- \/ Yoast SEO plugin. -->","yoast_head_json":{"title":"Impressum - Borne Logistik","description":"Borne Logistik aus Trierweiler, Ihre Spedition f\u00fcr Teil- und Komplettladungen, St\u00fcckgut, Transporte von und nach Frankreich in der Region Trier. Wir sind Mitglied der Netzwerke ASTRE paletsystem, ILN und DiALOG.","robots":{"index":"index","follow":"follow","max-snippet":"max-snippet:-1","max-image-preview":"max-image-preview:large","max-video-preview":"max-video-preview:-1"},"canonical":"https:\/\/borne-logistik.de\/fr\/impressum\/","og_locale":"fr_FR","og_type":"article","og_title":"Impressum - Borne Logistik","og_description":"Borne Logistik aus Trierweiler, Ihre Spedition f\u00fcr Teil- und Komplettladungen, St\u00fcckgut, Transporte von und nach Frankreich in der Region Trier. Wir sind Mitglied der Netzwerke ASTRE paletsystem, ILN und DiALOG.","og_url":"https:\/\/borne-logistik.de\/fr\/impressum\/","og_site_name":"Borne Logistik","article_modified_time":"2024-07-29T12:53:44+00:00","twitter_misc":{"Dur\u00e9e de lecture estim\u00e9e":"1 minute"},"schema":{"@context":"https:\/\/schema.org","@graph":[{"@type":"WebPage","@id":"https:\/\/borne-logistik.de\/fr\/impressum\/","url":"https:\/\/borne-logistik.de\/fr\/impressum\/","name":"Impressum - Borne Logistik","isPartOf":{"@id":"https:\/\/borne-logistik.de\/#website"},"datePublished":"2014-10-22T09:49:59+00:00","dateModified":"2024-07-29T12:53:44+00:00","description":"Borne Logistik aus Trierweiler, Ihre Spedition f\u00fcr Teil- und Komplettladungen, St\u00fcckgut, Transporte von und nach Frankreich in der Region Trier. Wir sind Mitglied der Netzwerke ASTRE paletsystem, ILN und DiALOG.","breadcrumb":{"@id":"https:\/\/borne-logistik.de\/fr\/impressum\/#breadcrumb"},"inLanguage":"fr-FR","potentialAction":[{"@type":"ReadAction","target":["https:\/\/borne-logistik.de\/fr\/impressum\/"]}]},{"@type":"BreadcrumbList","@id":"https:\/\/borne-logistik.de\/fr\/impressum\/#breadcrumb","itemListElement":[{"@type":"ListItem","position":1,"name":"Start","item":"https:\/\/borne-logistik.de\/fr\/kontakt\/"},{"@type":"ListItem","position":2,"name":"Impressum"}]},{"@type":"WebSite","@id":"https:\/\/borne-logistik.de\/#website","url":"https:\/\/borne-logistik.de\/","name":"Borne Logistik","description":"","publisher":{"@id":"https:\/\/borne-logistik.de\/#organization"},"potentialAction":[{"@type":"SearchAction","target":{"@type":"EntryPoint","urlTemplate":"https:\/\/borne-logistik.de\/?s={search_term_string}"},"query-input":{"@type":"PropertyValueSpecification","valueRequired":true,"valueName":"search_term_string"}}],"inLanguage":"fr-FR"},{"@type":"Organization","@id":"https:\/\/borne-logistik.de\/#organization","name":"Borne Logistik","url":"https:\/\/borne-logistik.de\/","logo":{"@type":"ImageObject","inLanguage":"fr-FR","@id":"https:\/\/borne-logistik.de\/#\/schema\/logo\/image\/","url":"https:\/\/borne-logistik.de\/wp-content\/uploads\/Logo_Borne_Logistik_rgb.svg","contentUrl":"https:\/\/borne-logistik.de\/wp-content\/uploads\/Logo_Borne_Logistik_rgb.svg","caption":"Borne Logistik"},"image":{"@id":"https:\/\/borne-logistik.de\/#\/schema\/logo\/image\/"}}]}},"_links":{"self":[{"href":"https:\/\/borne-logistik.de\/fr\/wp-json\/wp\/v2\/pages\/2740","targetHints":{"allow":["GET"]}}],"collection":[{"href":"https:\/\/borne-logistik.de\/fr\/wp-json\/wp\/v2\/pages"}],"about":[{"href":"https:\/\/borne-logistik.de\/fr\/wp-json\/wp\/v2\/types\/page"}],"author":[{"embeddable":true,"href":"https:\/\/borne-logistik.de\/fr\/wp-json\/wp\/v2\/users\/3"}],"replies":[{"embeddable":true,"href":"https:\/\/borne-logistik.de\/fr\/wp-json\/wp\/v2\/comments?post=2740"}],"version-history":[{"count":5,"href":"https:\/\/borne-logistik.de\/fr\/wp-json\/wp\/v2\/pages\/2740\/revisions"}],"predecessor-version":[{"id":5143,"href":"https:\/\/borne-logistik.de\/fr\/wp-json\/wp\/v2\/pages\/2740\/revisions\/5143"}],"wp:attachment":[{"href":"https:\/\/borne-logistik.de\/fr\/wp-json\/wp\/v2\/media?parent=2740"}],"curies":[{"name":"wp","href":"https:\/\/api.w.org\/{rel}","templated":true}]}}