{"id":2744,"date":"2014-10-22T11:45:55","date_gmt":"2014-10-22T09:45:55","guid":{"rendered":"https:\/\/borne-logistik.de\/kontakt-3\/"},"modified":"2023-01-12T10:09:08","modified_gmt":"2023-01-12T09:09:08","slug":"kontakt","status":"publish","type":"page","link":"https:\/\/borne-logistik.de\/fr\/","title":{"rendered":"Contact"},"content":{"rendered":"\n<p>Borne Logistik und Speditionsgesellschaft mbH<br>Im Keitelsberg<br>D-54311 Trierweiler<\/p>\n\n\n\n<p>T\u00e9l\u00e9phone +49 651 8106 00<br>T\u00e9l\u00e9copieur +49 651 8106 608<br><a href=\"mailto:info@borne-logistik.de\">info@borne-logistik.de<\/a><\/p>\n\n\n\n<p><a href=\"https:\/\/www.google.com\/maps\/embed?pb=!1m18!1m12!1m3!1d2576.743939443514!2d6.586695951482977!3d49.77207344379032!2m3!1f0!2f0!3f0!3m2!1i1024!2i768!4f13.1!3m3!1m2!1s0x4795633e32694341%3A0x6c9f99b9728fe916!2sBorne+Logistik+und+Speditions+GmbH!5e0!3m2!1sen!2sde!4v1539607208770\" target=\"_blank\" rel=\"noreferrer noopener\">Borne Logistik sur Google Maps<\/a><\/p>\n","protected":false},"excerpt":{"rendered":"<p>Borne Logistik und Speditionsgesellschaft mbHIm KeitelsbergD-54311 Trierweiler T\u00e9l\u00e9phone +49 651 8106 00T\u00e9l\u00e9copieur +49 651 8106 608info@borne-logistik.de Borne Logistik sur Google Maps<\/p>\n","protected":false},"author":3,"featured_media":0,"parent":0,"menu_order":57,"comment_status":"closed","ping_status":"closed","template":"page-templates\/kontakt.php","meta":{"_acf_changed":false,"footnotes":""},"class_list":["post-2744","page","type-page","status-publish","hentry"],"acf":[],"yoast_head":"<!-- This site is optimized with the Yoast SEO plugin v27.4 - https:\/\/yoast.com\/product\/yoast-seo-wordpress\/ -->\n<title>Contact - Borne Logistik<\/title>\n<meta name=\"description\" content=\"Borne Logistik aus Trierweiler, Ihre Spedition f\u00fcr Teil- und Komplettladungen, St\u00fcckgut, Transporte von und nach Frankreich in der Region Trier. Wir sind Mitglied der Netzwerke ASTRE paletsystem, ILN und DiALOG.\" \/>\n<meta name=\"robots\" content=\"index, follow, max-snippet:-1, max-image-preview:large, max-video-preview:-1\" \/>\n<link rel=\"canonical\" href=\"https:\/\/borne-logistik.de\/fr\/kontakt\/\" \/>\n<meta property=\"og:locale\" content=\"fr_FR\" \/>\n<meta property=\"og:type\" content=\"article\" \/>\n<meta property=\"og:title\" content=\"Contact - Borne Logistik\" \/>\n<meta property=\"og:description\" content=\"Borne Logistik aus Trierweiler, Ihre Spedition f\u00fcr Teil- und Komplettladungen, St\u00fcckgut, Transporte von und nach Frankreich in der Region Trier. Wir sind Mitglied der Netzwerke ASTRE paletsystem, ILN und DiALOG.\" \/>\n<meta property=\"og:url\" content=\"https:\/\/borne-logistik.de\/fr\/kontakt\/\" \/>\n<meta property=\"og:site_name\" content=\"Borne Logistik\" \/>\n<meta property=\"article:modified_time\" content=\"2023-01-12T09:09:08+00:00\" \/>\n<meta name=\"twitter:label1\" content=\"Dur\u00e9e de lecture estim\u00e9e\" \/>\n\t<meta name=\"twitter:data1\" content=\"1 minute\" \/>\n<script type=\"application\/ld+json\" class=\"yoast-schema-graph\">{\"@context\":\"https:\\\/\\\/schema.org\",\"@graph\":[{\"@type\":\"WebPage\",\"@id\":\"https:\\\/\\\/borne-logistik.de\\\/fr\\\/kontakt\\\/\",\"url\":\"https:\\\/\\\/borne-logistik.de\\\/fr\\\/kontakt\\\/\",\"name\":\"Contact - Borne Logistik\",\"isPartOf\":{\"@id\":\"https:\\\/\\\/borne-logistik.de\\\/#website\"},\"datePublished\":\"2014-10-22T09:45:55+00:00\",\"dateModified\":\"2023-01-12T09:09:08+00:00\",\"description\":\"Borne Logistik aus Trierweiler, Ihre Spedition f\u00fcr Teil- und Komplettladungen, St\u00fcckgut, Transporte von und nach Frankreich in der Region Trier. Wir sind Mitglied der Netzwerke ASTRE paletsystem, ILN und DiALOG.\",\"breadcrumb\":{\"@id\":\"https:\\\/\\\/borne-logistik.de\\\/fr\\\/kontakt\\\/#breadcrumb\"},\"inLanguage\":\"fr-FR\",\"potentialAction\":[{\"@type\":\"ReadAction\",\"target\":[\"https:\\\/\\\/borne-logistik.de\\\/fr\\\/kontakt\\\/\"]}]},{\"@type\":\"BreadcrumbList\",\"@id\":\"https:\\\/\\\/borne-logistik.de\\\/fr\\\/kontakt\\\/#breadcrumb\",\"itemListElement\":[{\"@type\":\"ListItem\",\"position\":1,\"name\":\"Start\",\"item\":\"https:\\\/\\\/borne-logistik.de\\\/fr\\\/kontakt\\\/\"},{\"@type\":\"ListItem\",\"position\":2,\"name\":\"Contact\"}]},{\"@type\":\"WebSite\",\"@id\":\"https:\\\/\\\/borne-logistik.de\\\/#website\",\"url\":\"https:\\\/\\\/borne-logistik.de\\\/\",\"name\":\"Borne Logistik\",\"description\":\"\",\"publisher\":{\"@id\":\"https:\\\/\\\/borne-logistik.de\\\/#organization\"},\"potentialAction\":[{\"@type\":\"SearchAction\",\"target\":{\"@type\":\"EntryPoint\",\"urlTemplate\":\"https:\\\/\\\/borne-logistik.de\\\/?s={search_term_string}\"},\"query-input\":{\"@type\":\"PropertyValueSpecification\",\"valueRequired\":true,\"valueName\":\"search_term_string\"}}],\"inLanguage\":\"fr-FR\"},{\"@type\":\"Organization\",\"@id\":\"https:\\\/\\\/borne-logistik.de\\\/#organization\",\"name\":\"Borne Logistik\",\"url\":\"https:\\\/\\\/borne-logistik.de\\\/\",\"logo\":{\"@type\":\"ImageObject\",\"inLanguage\":\"fr-FR\",\"@id\":\"https:\\\/\\\/borne-logistik.de\\\/#\\\/schema\\\/logo\\\/image\\\/\",\"url\":\"https:\\\/\\\/borne-logistik.de\\\/wp-content\\\/uploads\\\/Logo_Borne_Logistik_rgb.svg\",\"contentUrl\":\"https:\\\/\\\/borne-logistik.de\\\/wp-content\\\/uploads\\\/Logo_Borne_Logistik_rgb.svg\",\"caption\":\"Borne Logistik\"},\"image\":{\"@id\":\"https:\\\/\\\/borne-logistik.de\\\/#\\\/schema\\\/logo\\\/image\\\/\"}}]}<\/script>\n<!-- \/ Yoast SEO plugin. -->","yoast_head_json":{"title":"Contact - Borne Logistik","description":"Borne Logistik aus Trierweiler, Ihre Spedition f\u00fcr Teil- und Komplettladungen, St\u00fcckgut, Transporte von und nach Frankreich in der Region Trier. Wir sind Mitglied der Netzwerke ASTRE paletsystem, ILN und DiALOG.","robots":{"index":"index","follow":"follow","max-snippet":"max-snippet:-1","max-image-preview":"max-image-preview:large","max-video-preview":"max-video-preview:-1"},"canonical":"https:\/\/borne-logistik.de\/fr\/kontakt\/","og_locale":"fr_FR","og_type":"article","og_title":"Contact - Borne Logistik","og_description":"Borne Logistik aus Trierweiler, Ihre Spedition f\u00fcr Teil- und Komplettladungen, St\u00fcckgut, Transporte von und nach Frankreich in der Region Trier. Wir sind Mitglied der Netzwerke ASTRE paletsystem, ILN und DiALOG.","og_url":"https:\/\/borne-logistik.de\/fr\/kontakt\/","og_site_name":"Borne Logistik","article_modified_time":"2023-01-12T09:09:08+00:00","twitter_misc":{"Dur\u00e9e de lecture estim\u00e9e":"1 minute"},"schema":{"@context":"https:\/\/schema.org","@graph":[{"@type":"WebPage","@id":"https:\/\/borne-logistik.de\/fr\/kontakt\/","url":"https:\/\/borne-logistik.de\/fr\/kontakt\/","name":"Contact - Borne Logistik","isPartOf":{"@id":"https:\/\/borne-logistik.de\/#website"},"datePublished":"2014-10-22T09:45:55+00:00","dateModified":"2023-01-12T09:09:08+00:00","description":"Borne Logistik aus Trierweiler, Ihre Spedition f\u00fcr Teil- und Komplettladungen, St\u00fcckgut, Transporte von und nach Frankreich in der Region Trier. Wir sind Mitglied der Netzwerke ASTRE paletsystem, ILN und DiALOG.","breadcrumb":{"@id":"https:\/\/borne-logistik.de\/fr\/kontakt\/#breadcrumb"},"inLanguage":"fr-FR","potentialAction":[{"@type":"ReadAction","target":["https:\/\/borne-logistik.de\/fr\/kontakt\/"]}]},{"@type":"BreadcrumbList","@id":"https:\/\/borne-logistik.de\/fr\/kontakt\/#breadcrumb","itemListElement":[{"@type":"ListItem","position":1,"name":"Start","item":"https:\/\/borne-logistik.de\/fr\/kontakt\/"},{"@type":"ListItem","position":2,"name":"Contact"}]},{"@type":"WebSite","@id":"https:\/\/borne-logistik.de\/#website","url":"https:\/\/borne-logistik.de\/","name":"Borne Logistik","description":"","publisher":{"@id":"https:\/\/borne-logistik.de\/#organization"},"potentialAction":[{"@type":"SearchAction","target":{"@type":"EntryPoint","urlTemplate":"https:\/\/borne-logistik.de\/?s={search_term_string}"},"query-input":{"@type":"PropertyValueSpecification","valueRequired":true,"valueName":"search_term_string"}}],"inLanguage":"fr-FR"},{"@type":"Organization","@id":"https:\/\/borne-logistik.de\/#organization","name":"Borne Logistik","url":"https:\/\/borne-logistik.de\/","logo":{"@type":"ImageObject","inLanguage":"fr-FR","@id":"https:\/\/borne-logistik.de\/#\/schema\/logo\/image\/","url":"https:\/\/borne-logistik.de\/wp-content\/uploads\/Logo_Borne_Logistik_rgb.svg","contentUrl":"https:\/\/borne-logistik.de\/wp-content\/uploads\/Logo_Borne_Logistik_rgb.svg","caption":"Borne Logistik"},"image":{"@id":"https:\/\/borne-logistik.de\/#\/schema\/logo\/image\/"}}]}},"_links":{"self":[{"href":"https:\/\/borne-logistik.de\/fr\/wp-json\/wp\/v2\/pages\/2744","targetHints":{"allow":["GET"]}}],"collection":[{"href":"https:\/\/borne-logistik.de\/fr\/wp-json\/wp\/v2\/pages"}],"about":[{"href":"https:\/\/borne-logistik.de\/fr\/wp-json\/wp\/v2\/types\/page"}],"author":[{"embeddable":true,"href":"https:\/\/borne-logistik.de\/fr\/wp-json\/wp\/v2\/users\/3"}],"replies":[{"embeddable":true,"href":"https:\/\/borne-logistik.de\/fr\/wp-json\/wp\/v2\/comments?post=2744"}],"version-history":[{"count":7,"href":"https:\/\/borne-logistik.de\/fr\/wp-json\/wp\/v2\/pages\/2744\/revisions"}],"predecessor-version":[{"id":5021,"href":"https:\/\/borne-logistik.de\/fr\/wp-json\/wp\/v2\/pages\/2744\/revisions\/5021"}],"wp:attachment":[{"href":"https:\/\/borne-logistik.de\/fr\/wp-json\/wp\/v2\/media?parent=2744"}],"curies":[{"name":"wp","href":"https:\/\/api.w.org\/{rel}","templated":true}]}}